{"id":5466,"date":"2025-03-05T17:19:14","date_gmt":"2025-03-05T16:19:14","guid":{"rendered":"https:\/\/seriousfun.no\/thank-you\/"},"modified":"2025-03-18T21:18:35","modified_gmt":"2025-03-18T20:18:35","slug":"thank-you","status":"publish","type":"page","link":"https:\/\/seriousfun.no\/en\/thank-you\/","title":{"rendered":"Thank you"},"content":{"rendered":"\t\t<div data-elementor-type=\"wp-page\" data-elementor-id=\"5466\" class=\"elementor elementor-5466 elementor-4945\" data-elementor-post-type=\"page\">\n\t\t\t\t<div class=\"elementor-element elementor-element-75910b2b e-flex e-con-boxed e-con e-parent\" data-id=\"75910b2b\" data-element_type=\"container\" data-e-type=\"container\" data-settings=\"{&quot;background_background&quot;:&quot;classic&quot;,&quot;shape_divider_bottom&quot;:&quot;pyramids&quot;,&quot;shape_divider_bottom_negative&quot;:&quot;yes&quot;}\">\n\t\t\t\t\t<div class=\"e-con-inner\">\n\t\t\t\t<div class=\"elementor-shape elementor-shape-bottom\" aria-hidden=\"true\" data-negative=\"true\">\n\t\t\t<svg xmlns=\"http:\/\/www.w3.org\/2000\/svg\" viewBox=\"0 0 1000 100\" preserveAspectRatio=\"none\">\n\t<path class=\"elementor-shape-fill\" d=\"M761.9,40.6L643.1,24L333.9,93.8L0.1,1H0v99h1000V1\"\/>\n<\/svg>\t\t<\/div>\n\t\t<div class=\"elementor-element elementor-element-12a574e6 e-con-full e-flex e-con e-child\" data-id=\"12a574e6\" data-element_type=\"container\" data-e-type=\"container\" data-settings=\"{&quot;background_background&quot;:&quot;classic&quot;}\">\n\t\t\t\t<div class=\"elementor-element elementor-element-46439890 elementor-widget elementor-widget-heading\" data-id=\"46439890\" data-element_type=\"widget\" data-e-type=\"widget\" data-widget_type=\"heading.default\">\n\t\t\t\t<div class=\"elementor-widget-container\">\n\t\t\t\t\t<h1 class=\"elementor-heading-title elementor-size-default\">Thank you<\/h1>\t\t\t\t<\/div>\n\t\t\t\t<\/div>\n\t\t\t\t<\/div>\n\t\t\t\t\t<\/div>\n\t\t\t\t<\/div>\n\t\t<div class=\"elementor-element elementor-element-6b20ee1f e-flex e-con-boxed e-con e-parent\" data-id=\"6b20ee1f\" data-element_type=\"container\" data-e-type=\"container\" data-settings=\"{&quot;background_background&quot;:&quot;classic&quot;}\">\n\t\t\t\t\t<div class=\"e-con-inner\">\n\t\t<div class=\"elementor-element elementor-element-29a503e8 e-con-full e-flex e-con e-child\" data-id=\"29a503e8\" data-element_type=\"container\" data-e-type=\"container\" data-settings=\"{&quot;background_background&quot;:&quot;classic&quot;}\">\n\t\t\t\t<div class=\"elementor-element elementor-element-3247c555 elementor-widget elementor-widget-heading\" data-id=\"3247c555\" data-element_type=\"widget\" data-e-type=\"widget\" data-widget_type=\"heading.default\">\n\t\t\t\t<div class=\"elementor-widget-container\">\n\t\t\t\t\t<h2 class=\"elementor-heading-title elementor-size-default\">Thank you for your message<\/h2>\t\t\t\t<\/div>\n\t\t\t\t<\/div>\n\t\t\t\t<div class=\"elementor-element elementor-element-7cdb599c elementor-widget elementor-widget-text-editor\" data-id=\"7cdb599c\" data-element_type=\"widget\" data-e-type=\"widget\" data-widget_type=\"text-editor.default\">\n\t\t\t\t<div class=\"elementor-widget-container\">\n\t\t\t\t\t\t\t\t\t<p><span style=\"background-color: transparent; font-size: 18px; color: var( --e-global-color-primary );\"><span style=\"vertical-align: inherit;\"><span style=\"vertical-align: inherit;\">Thank you for getting in touch with us! If you want to know more about what we offer, please look at our rafting pages:   <\/span><\/span><\/span><\/p><ul><li><a href=\"https:\/\/seriousfun.no\/en\/rafting\/family-rafting-level-1\/\"><strong><span style=\"vertical-align: inherit;\"><span style=\"vertical-align: inherit;\">Family rafting<\/span><\/span><\/strong><\/a><span style=\"vertical-align: inherit;\"><span style=\"vertical-align: inherit;\">  : Perfect for children aged 8 and up, with calm sections and fun rapids. A safe and fun trip for the whole family.   <\/span><\/span><\/li><li><a href=\"https:\/\/seriousfun.no\/en\/rafting\/superrafting-level-2\/\"><strong><span style=\"vertical-align: inherit;\"><span style=\"vertical-align: inherit;\">Super rafting<\/span><\/span><\/strong><\/a><span style=\"vertical-align: inherit;\"><span style=\"vertical-align: inherit;\">  : For those who want more speed and excitement. Suitable for participants from 12 years of age. <\/span><\/span><\/li><li><a href=\"https:\/\/seriousfun.no\/en\/rafting\/viking-rafting-level-3\/\"><strong><span style=\"vertical-align: inherit;\"><span style=\"vertical-align: inherit;\">Viking Rafting<\/span><\/span><\/strong><\/a><span style=\"vertical-align: inherit;\"><span style=\"vertical-align: inherit;\">  : The ultimate challenge for the toughest. Experience powerful rapids and technical rafting for participants from 15 years of age. <\/span><\/span><\/li><\/ul><p>If your request is urgent you can use the following contact details to get in touch with us:  <\/p>\t\t\t\t\t\t\t\t<\/div>\n\t\t\t\t<\/div>\n\t\t\t\t<div class=\"elementor-element elementor-element-6a559d2 elementor-icon-list--layout-traditional elementor-list-item-link-full_width elementor-widget elementor-widget-icon-list\" data-id=\"6a559d2\" data-element_type=\"widget\" data-e-type=\"widget\" data-widget_type=\"icon-list.default\">\n\t\t\t\t<div class=\"elementor-widget-container\">\n\t\t\t\t\t\t\t<ul class=\"elementor-icon-list-items\">\n\t\t\t\t\t\t\t<li class=\"elementor-icon-list-item\">\n\t\t\t\t\t\t\t\t\t\t\t<span class=\"elementor-icon-list-icon\">\n\t\t\t\t\t\t\t<i aria-hidden=\"true\" class=\"far fa-dot-circle\"><\/i>\t\t\t\t\t\t<\/span>\n\t\t\t\t\t\t\t\t\t\t<span class=\"elementor-icon-list-text\">Serious Fun<\/span>\n\t\t\t\t\t\t\t\t\t<\/li>\n\t\t\t\t\t\t\t\t<li class=\"elementor-icon-list-item\">\n\t\t\t\t\t\t\t\t\t\t\t<span class=\"elementor-icon-list-icon\">\n\t\t\t\t\t\t\t<i aria-hidden=\"true\" class=\"far fa-dot-circle\"><\/i>\t\t\t\t\t\t<\/span>\n\t\t\t\t\t\t\t\t\t\t<span class=\"elementor-icon-list-text\">Dagalivegen, 3588 Dagali<\/span>\n\t\t\t\t\t\t\t\t\t<\/li>\n\t\t\t\t\t\t\t\t<li class=\"elementor-icon-list-item\">\n\t\t\t\t\t\t\t\t\t\t\t<a href=\"tel:+47%20400%2005%20786\">\n\n\t\t\t\t\t\t\t\t\t\t\t\t<span class=\"elementor-icon-list-icon\">\n\t\t\t\t\t\t\t<i aria-hidden=\"true\" class=\"far fa-dot-circle\"><\/i>\t\t\t\t\t\t<\/span>\n\t\t\t\t\t\t\t\t\t\t<span class=\"elementor-icon-list-text\">+47 400 05 786<\/span>\n\t\t\t\t\t\t\t\t\t\t\t<\/a>\n\t\t\t\t\t\t\t\t\t<\/li>\n\t\t\t\t\t\t\t\t<li class=\"elementor-icon-list-item\">\n\t\t\t\t\t\t\t\t\t\t\t<a href=\"mailto:post@seriousfun.no\">\n\n\t\t\t\t\t\t\t\t\t\t\t\t<span class=\"elementor-icon-list-icon\">\n\t\t\t\t\t\t\t<i aria-hidden=\"true\" class=\"far fa-dot-circle\"><\/i>\t\t\t\t\t\t<\/span>\n\t\t\t\t\t\t\t\t\t\t<span class=\"elementor-icon-list-text\">post@seriousfun.no<\/span>\n\t\t\t\t\t\t\t\t\t\t\t<\/a>\n\t\t\t\t\t\t\t\t\t<\/li>\n\t\t\t\t\t\t<\/ul>\n\t\t\t\t\t\t<\/div>\n\t\t\t\t<\/div>\n\t\t\t\t<div class=\"elementor-element elementor-element-a7ac542 elementor-shape-circle e-grid-align-left e-grid-align-mobile-left elementor-grid-0 elementor-widget elementor-widget-social-icons\" data-id=\"a7ac542\" data-element_type=\"widget\" data-e-type=\"widget\" data-widget_type=\"social-icons.default\">\n\t\t\t\t<div class=\"elementor-widget-container\">\n\t\t\t\t\t\t\t<div class=\"elementor-social-icons-wrapper elementor-grid\" role=\"list\">\n\t\t\t\t\t\t\t<span class=\"elementor-grid-item\" role=\"listitem\">\n\t\t\t\t\t<a class=\"elementor-icon elementor-social-icon elementor-social-icon-facebook elementor-animation-shrink elementor-repeater-item-0e87e7b\" href=\"https:\/\/www.facebook.com\/SeriousFunRafting\" target=\"_blank\">\n\t\t\t\t\t\t<span class=\"elementor-screen-only\">Facebook<\/span>\n\t\t\t\t\t\t<i aria-hidden=\"true\" class=\"fab fa-facebook\"><\/i>\t\t\t\t\t<\/a>\n\t\t\t\t<\/span>\n\t\t\t\t\t\t\t<span class=\"elementor-grid-item\" role=\"listitem\">\n\t\t\t\t\t<a class=\"elementor-icon elementor-social-icon elementor-social-icon-instagram elementor-animation-shrink elementor-repeater-item-94d1656\" href=\"https:\/\/www.instagram.com\/seriousfunrafting\/\" target=\"_blank\">\n\t\t\t\t\t\t<span class=\"elementor-screen-only\">Instagram<\/span>\n\t\t\t\t\t\t<i aria-hidden=\"true\" class=\"fab fa-instagram\"><\/i>\t\t\t\t\t<\/a>\n\t\t\t\t<\/span>\n\t\t\t\t\t\t\t<span class=\"elementor-grid-item\" role=\"listitem\">\n\t\t\t\t\t<a class=\"elementor-icon elementor-social-icon elementor-social-icon-youtube elementor-animation-shrink elementor-repeater-item-5b2b79a\" href=\"https:\/\/www.youtube.com\/@RaftingcenterSeriousFUN\" target=\"_blank\">\n\t\t\t\t\t\t<span class=\"elementor-screen-only\">Youtube<\/span>\n\t\t\t\t\t\t<i aria-hidden=\"true\" class=\"fab fa-youtube\"><\/i>\t\t\t\t\t<\/a>\n\t\t\t\t<\/span>\n\t\t\t\t\t<\/div>\n\t\t\t\t\t\t<\/div>\n\t\t\t\t<\/div>\n\t\t\t\t<\/div>\n\t\t\t\t\t<\/div>\n\t\t\t\t<\/div>\n\t\t\t\t<\/div>\n\t\t","protected":false},"excerpt":{"rendered":"<p>Thank you for your message Thank you for getting in touch with us! If you want to know more about what we offer, please look at our rafting pages: Family rafting : Perfect for children aged 8 and up, with calm sections and fun rapids. A safe and fun trip for the whole family. Super [&hellip;]<\/p>\n","protected":false},"author":11,"featured_media":0,"parent":0,"menu_order":0,"comment_status":"closed","ping_status":"closed","template":"","meta":{"site-sidebar-layout":"no-sidebar","site-content-layout":"page-builder","ast-site-content-layout":"full-width-container","site-content-style":"default","site-sidebar-style":"default","ast-global-header-display":"","ast-banner-title-visibility":"","ast-main-header-display":"","ast-hfb-above-header-display":"","ast-hfb-below-header-display":"","ast-hfb-mobile-header-display":"","site-post-title":"disabled","ast-breadcrumbs-content":"","ast-featured-img":"disabled","footer-sml-layout":"","ast-disable-related-posts":"","theme-transparent-header-meta":"","adv-header-id-meta":"","stick-header-meta":"","header-above-stick-meta":"","header-main-stick-meta":"","header-below-stick-meta":"","astra-migrate-meta-layouts":"default","ast-page-background-enabled":"default","ast-page-background-meta":{"desktop":{"background-color":"","background-image":"","background-repeat":"repeat","background-position":"center center","background-size":"auto","background-attachment":"scroll","background-type":"","background-media":"","overlay-type":"","overlay-color":"","overlay-opacity":"","overlay-gradient":""},"tablet":{"background-color":"","background-image":"","background-repeat":"repeat","background-position":"center center","background-size":"auto","background-attachment":"scroll","background-type":"","background-media":"","overlay-type":"","overlay-color":"","overlay-opacity":"","overlay-gradient":""},"mobile":{"background-color":"","background-image":"","background-repeat":"repeat","background-position":"center center","background-size":"auto","background-attachment":"scroll","background-type":"","background-media":"","overlay-type":"","overlay-color":"","overlay-opacity":"","overlay-gradient":""}},"ast-content-background-meta":{"desktop":{"background-color":"var(--ast-global-color-5)","background-image":"","background-repeat":"repeat","background-position":"center center","background-size":"auto","background-attachment":"scroll","background-type":"","background-media":"","overlay-type":"","overlay-color":"","overlay-opacity":"","overlay-gradient":""},"tablet":{"background-color":"var(--ast-global-color-5)","background-image":"","background-repeat":"repeat","background-position":"center center","background-size":"auto","background-attachment":"scroll","background-type":"","background-media":"","overlay-type":"","overlay-color":"","overlay-opacity":"","overlay-gradient":""},"mobile":{"background-color":"var(--ast-global-color-5)","background-image":"","background-repeat":"repeat","background-position":"center center","background-size":"auto","background-attachment":"scroll","background-type":"","background-media":"","overlay-type":"","overlay-color":"","overlay-opacity":"","overlay-gradient":""}},"footnotes":""},"class_list":["post-5466","page","type-page","status-publish","hentry"],"yoast_head":"<!-- This site is optimized with the Yoast SEO plugin v27.5 - https:\/\/yoast.com\/product\/yoast-seo-wordpress\/ -->\n<title>Thank you - Serious Fun Rafting Dagali<\/title>\n<meta name=\"robots\" content=\"index, follow, max-snippet:-1, max-image-preview:large, max-video-preview:-1\" \/>\n<link rel=\"canonical\" href=\"https:\/\/seriousfun.no\/en\/thank-you\/\" \/>\n<meta property=\"og:locale\" content=\"en_US\" \/>\n<meta property=\"og:type\" content=\"article\" \/>\n<meta property=\"og:title\" content=\"Thank you - Serious Fun Rafting Dagali\" \/>\n<meta property=\"og:description\" content=\"Thank you for your message Thank you for getting in touch with us! If you want to know more about what we offer, please look at our rafting pages: Family rafting : Perfect for children aged 8 and up, with calm sections and fun rapids. A safe and fun trip for the whole family. Super [&hellip;]\" \/>\n<meta property=\"og:url\" content=\"https:\/\/seriousfun.no\/en\/thank-you\/\" \/>\n<meta property=\"og:site_name\" content=\"Serious Fun Rafting Dagali\" \/>\n<meta property=\"article:publisher\" content=\"https:\/\/www.facebook.com\/SeriousFunRafting\" \/>\n<meta property=\"article:modified_time\" content=\"2025-03-18T20:18:35+00:00\" \/>\n<meta name=\"twitter:card\" content=\"summary_large_image\" \/>\n<meta name=\"twitter:label1\" content=\"Est. reading time\" \/>\n\t<meta name=\"twitter:data1\" content=\"1 minute\" \/>\n<script type=\"application\/ld+json\" class=\"yoast-schema-graph\">{\"@context\":\"https:\\\/\\\/schema.org\",\"@graph\":[{\"@type\":\"WebPage\",\"@id\":\"https:\\\/\\\/seriousfun.no\\\/en\\\/thank-you\\\/\",\"url\":\"https:\\\/\\\/seriousfun.no\\\/en\\\/thank-you\\\/\",\"name\":\"Thank you - Serious Fun Rafting Dagali\",\"isPartOf\":{\"@id\":\"https:\\\/\\\/seriousfun.no\\\/en\\\/#website\"},\"datePublished\":\"2025-03-05T16:19:14+00:00\",\"dateModified\":\"2025-03-18T20:18:35+00:00\",\"breadcrumb\":{\"@id\":\"https:\\\/\\\/seriousfun.no\\\/en\\\/thank-you\\\/#breadcrumb\"},\"inLanguage\":\"en-US\",\"potentialAction\":[{\"@type\":\"ReadAction\",\"target\":[\"https:\\\/\\\/seriousfun.no\\\/en\\\/thank-you\\\/\"]}]},{\"@type\":\"BreadcrumbList\",\"@id\":\"https:\\\/\\\/seriousfun.no\\\/en\\\/thank-you\\\/#breadcrumb\",\"itemListElement\":[{\"@type\":\"ListItem\",\"position\":1,\"name\":\"Home\",\"item\":\"https:\\\/\\\/seriousfun.no\\\/en\\\/\"},{\"@type\":\"ListItem\",\"position\":2,\"name\":\"Thank you\"}]},{\"@type\":\"WebSite\",\"@id\":\"https:\\\/\\\/seriousfun.no\\\/en\\\/#website\",\"url\":\"https:\\\/\\\/seriousfun.no\\\/en\\\/\",\"name\":\"Serious Fun Raftingsenter Dagali\",\"description\":\"Rafting i Dagali n\u00e6r Geilo. Ulike niv\u00e5er med erfarne guider p\u00e5 Norges beste rafting elv. Over 30 \u00e5rs erfaring og lokal ekspertise\",\"publisher\":{\"@id\":\"https:\\\/\\\/seriousfun.no\\\/en\\\/#organization\"},\"potentialAction\":[{\"@type\":\"SearchAction\",\"target\":{\"@type\":\"EntryPoint\",\"urlTemplate\":\"https:\\\/\\\/seriousfun.no\\\/en\\\/?s={search_term_string}\"},\"query-input\":{\"@type\":\"PropertyValueSpecification\",\"valueRequired\":true,\"valueName\":\"search_term_string\"}}],\"inLanguage\":\"en-US\"},{\"@type\":\"Organization\",\"@id\":\"https:\\\/\\\/seriousfun.no\\\/en\\\/#organization\",\"name\":\"Serious Fun Raftingsenter Dagali\",\"url\":\"https:\\\/\\\/seriousfun.no\\\/en\\\/\",\"logo\":{\"@type\":\"ImageObject\",\"inLanguage\":\"en-US\",\"@id\":\"https:\\\/\\\/seriousfun.no\\\/en\\\/#\\\/schema\\\/logo\\\/image\\\/\",\"url\":\"https:\\\/\\\/seriousfun.no\\\/wp-content\\\/uploads\\\/2023\\\/10\\\/weblogo-e1737311130281.webp\",\"contentUrl\":\"https:\\\/\\\/seriousfun.no\\\/wp-content\\\/uploads\\\/2023\\\/10\\\/weblogo-e1737311130281.webp\",\"width\":150,\"height\":100,\"caption\":\"Serious Fun Raftingsenter Dagali\"},\"image\":{\"@id\":\"https:\\\/\\\/seriousfun.no\\\/en\\\/#\\\/schema\\\/logo\\\/image\\\/\"},\"sameAs\":[\"https:\\\/\\\/www.facebook.com\\\/SeriousFunRafting\",\"https:\\\/\\\/www.instagram.com\\\/seriousfunrafting\\\/\"]}]}<\/script>\n<!-- \/ Yoast SEO plugin. -->","yoast_head_json":{"title":"Thank you - Serious Fun Rafting Dagali","robots":{"index":"index","follow":"follow","max-snippet":"max-snippet:-1","max-image-preview":"max-image-preview:large","max-video-preview":"max-video-preview:-1"},"canonical":"https:\/\/seriousfun.no\/en\/thank-you\/","og_locale":"en_US","og_type":"article","og_title":"Thank you - Serious Fun Rafting Dagali","og_description":"Thank you for your message Thank you for getting in touch with us! If you want to know more about what we offer, please look at our rafting pages: Family rafting : Perfect for children aged 8 and up, with calm sections and fun rapids. A safe and fun trip for the whole family. Super [&hellip;]","og_url":"https:\/\/seriousfun.no\/en\/thank-you\/","og_site_name":"Serious Fun Rafting Dagali","article_publisher":"https:\/\/www.facebook.com\/SeriousFunRafting","article_modified_time":"2025-03-18T20:18:35+00:00","twitter_card":"summary_large_image","twitter_misc":{"Est. reading time":"1 minute"},"schema":{"@context":"https:\/\/schema.org","@graph":[{"@type":"WebPage","@id":"https:\/\/seriousfun.no\/en\/thank-you\/","url":"https:\/\/seriousfun.no\/en\/thank-you\/","name":"Thank you - Serious Fun Rafting Dagali","isPartOf":{"@id":"https:\/\/seriousfun.no\/en\/#website"},"datePublished":"2025-03-05T16:19:14+00:00","dateModified":"2025-03-18T20:18:35+00:00","breadcrumb":{"@id":"https:\/\/seriousfun.no\/en\/thank-you\/#breadcrumb"},"inLanguage":"en-US","potentialAction":[{"@type":"ReadAction","target":["https:\/\/seriousfun.no\/en\/thank-you\/"]}]},{"@type":"BreadcrumbList","@id":"https:\/\/seriousfun.no\/en\/thank-you\/#breadcrumb","itemListElement":[{"@type":"ListItem","position":1,"name":"Home","item":"https:\/\/seriousfun.no\/en\/"},{"@type":"ListItem","position":2,"name":"Thank you"}]},{"@type":"WebSite","@id":"https:\/\/seriousfun.no\/en\/#website","url":"https:\/\/seriousfun.no\/en\/","name":"Serious Fun Raftingsenter Dagali","description":"Rafting i Dagali n\u00e6r Geilo. Ulike niv\u00e5er med erfarne guider p\u00e5 Norges beste rafting elv. Over 30 \u00e5rs erfaring og lokal ekspertise","publisher":{"@id":"https:\/\/seriousfun.no\/en\/#organization"},"potentialAction":[{"@type":"SearchAction","target":{"@type":"EntryPoint","urlTemplate":"https:\/\/seriousfun.no\/en\/?s={search_term_string}"},"query-input":{"@type":"PropertyValueSpecification","valueRequired":true,"valueName":"search_term_string"}}],"inLanguage":"en-US"},{"@type":"Organization","@id":"https:\/\/seriousfun.no\/en\/#organization","name":"Serious Fun Raftingsenter Dagali","url":"https:\/\/seriousfun.no\/en\/","logo":{"@type":"ImageObject","inLanguage":"en-US","@id":"https:\/\/seriousfun.no\/en\/#\/schema\/logo\/image\/","url":"https:\/\/seriousfun.no\/wp-content\/uploads\/2023\/10\/weblogo-e1737311130281.webp","contentUrl":"https:\/\/seriousfun.no\/wp-content\/uploads\/2023\/10\/weblogo-e1737311130281.webp","width":150,"height":100,"caption":"Serious Fun Raftingsenter Dagali"},"image":{"@id":"https:\/\/seriousfun.no\/en\/#\/schema\/logo\/image\/"},"sameAs":["https:\/\/www.facebook.com\/SeriousFunRafting","https:\/\/www.instagram.com\/seriousfunrafting\/"]}]}},"_links":{"self":[{"href":"https:\/\/seriousfun.no\/en\/wp-json\/wp\/v2\/pages\/5466","targetHints":{"allow":["GET"]}}],"collection":[{"href":"https:\/\/seriousfun.no\/en\/wp-json\/wp\/v2\/pages"}],"about":[{"href":"https:\/\/seriousfun.no\/en\/wp-json\/wp\/v2\/types\/page"}],"author":[{"embeddable":true,"href":"https:\/\/seriousfun.no\/en\/wp-json\/wp\/v2\/users\/11"}],"replies":[{"embeddable":true,"href":"https:\/\/seriousfun.no\/en\/wp-json\/wp\/v2\/comments?post=5466"}],"version-history":[{"count":1,"href":"https:\/\/seriousfun.no\/en\/wp-json\/wp\/v2\/pages\/5466\/revisions"}],"predecessor-version":[{"id":5467,"href":"https:\/\/seriousfun.no\/en\/wp-json\/wp\/v2\/pages\/5466\/revisions\/5467"}],"wp:attachment":[{"href":"https:\/\/seriousfun.no\/en\/wp-json\/wp\/v2\/media?parent=5466"}],"curies":[{"name":"wp","href":"https:\/\/api.w.org\/{rel}","templated":true}]}}