{"id":5452,"date":"2025-02-15T14:36:05","date_gmt":"2025-02-15T13:36:05","guid":{"rendered":"https:\/\/seriousfun.no\/rafting\/gift-vouchers\/"},"modified":"2025-03-19T11:14:03","modified_gmt":"2025-03-19T10:14:03","slug":"gift-vouchers","status":"publish","type":"page","link":"https:\/\/seriousfun.no\/en\/rafting\/gift-vouchers\/","title":{"rendered":"Gift vouchers"},"content":{"rendered":"\t\t<div data-elementor-type=\"wp-page\" data-elementor-id=\"5452\" class=\"elementor elementor-5452 elementor-1883\" data-elementor-post-type=\"page\">\n\t\t\t\t<div class=\"elementor-element elementor-element-5ebde11 e-flex e-con-boxed e-con e-parent\" data-id=\"5ebde11\" data-element_type=\"container\" data-e-type=\"container\" data-settings=\"{&quot;background_background&quot;:&quot;classic&quot;,&quot;shape_divider_bottom&quot;:&quot;pyramids&quot;,&quot;shape_divider_bottom_negative&quot;:&quot;yes&quot;}\">\n\t\t\t\t\t<div class=\"e-con-inner\">\n\t\t\t\t<div class=\"elementor-shape elementor-shape-bottom\" aria-hidden=\"true\" data-negative=\"true\">\n\t\t\t<svg xmlns=\"http:\/\/www.w3.org\/2000\/svg\" viewBox=\"0 0 1000 100\" preserveAspectRatio=\"none\">\n\t<path class=\"elementor-shape-fill\" d=\"M761.9,40.6L643.1,24L333.9,93.8L0.1,1H0v99h1000V1\"\/>\n<\/svg>\t\t<\/div>\n\t\t<div class=\"elementor-element elementor-element-5e69bce e-con-full e-flex e-con e-child\" data-id=\"5e69bce\" data-element_type=\"container\" data-e-type=\"container\" data-settings=\"{&quot;background_background&quot;:&quot;classic&quot;}\">\n\t\t\t\t<div class=\"elementor-element elementor-element-b68deb6 elementor-widget elementor-widget-heading\" data-id=\"b68deb6\" data-element_type=\"widget\" data-e-type=\"widget\" data-widget_type=\"heading.default\">\n\t\t\t\t<div class=\"elementor-widget-container\">\n\t\t\t\t\t<h1 class=\"elementor-heading-title elementor-size-default\">gift cards<\/h1>\t\t\t\t<\/div>\n\t\t\t\t<\/div>\n\t\t\t\t<\/div>\n\t\t\t\t\t<\/div>\n\t\t\t\t<\/div>\n\t\t<div class=\"elementor-element elementor-element-7ab3774 e-grid e-con-boxed e-con e-parent\" data-id=\"7ab3774\" data-element_type=\"container\" data-e-type=\"container\" data-settings=\"{&quot;background_background&quot;:&quot;classic&quot;}\">\n\t\t\t\t\t<div class=\"e-con-inner\">\n\t\t<div class=\"elementor-element elementor-element-cde278f e-con-full e-flex e-con e-child\" data-id=\"cde278f\" data-element_type=\"container\" data-e-type=\"container\" data-settings=\"{&quot;background_background&quot;:&quot;classic&quot;,&quot;shape_divider_bottom&quot;:&quot;pyramids&quot;,&quot;shape_divider_bottom_negative&quot;:&quot;yes&quot;}\">\n\t\t\t\t<div class=\"elementor-shape elementor-shape-bottom\" aria-hidden=\"true\" data-negative=\"true\">\n\t\t\t<svg xmlns=\"http:\/\/www.w3.org\/2000\/svg\" viewBox=\"0 0 1000 100\" preserveAspectRatio=\"none\">\n\t<path class=\"elementor-shape-fill\" d=\"M761.9,40.6L643.1,24L333.9,93.8L0.1,1H0v99h1000V1\"\/>\n<\/svg>\t\t<\/div>\n\t\t\t\t<div class=\"elementor-element elementor-element-610f73a elementor-widget elementor-widget-heading\" data-id=\"610f73a\" data-element_type=\"widget\" data-e-type=\"widget\" data-widget_type=\"heading.default\">\n\t\t\t\t<div class=\"elementor-widget-container\">\n\t\t\t\t\t<h2 class=\"elementor-heading-title elementor-size-default\">A memorable experience<\/h2>\t\t\t\t<\/div>\n\t\t\t\t<\/div>\n\t\t\t\t<div class=\"elementor-element elementor-element-06d2315 elementor-widget elementor-widget-heading\" data-id=\"06d2315\" data-element_type=\"widget\" data-e-type=\"widget\" data-widget_type=\"heading.default\">\n\t\t\t\t<div class=\"elementor-widget-container\">\n\t\t\t\t\t<h2 class=\"elementor-heading-title elementor-size-default\">as a gift<\/h2>\t\t\t\t<\/div>\n\t\t\t\t<\/div>\n\t\t\t\t<div class=\"elementor-element elementor-element-f633392 elementor-widget elementor-widget-text-editor\" data-id=\"f633392\" data-element_type=\"widget\" data-e-type=\"widget\" data-widget_type=\"text-editor.default\">\n\t\t\t\t<div class=\"elementor-widget-container\">\n\t\t\t\t\t\t\t\t\t<p>With a gift card, the recipient can choose from all activities that can be booked online at Serious FUN (contact us if you want other gift cards). <\/p>\t\t\t\t\t\t\t\t<\/div>\n\t\t\t\t<\/div>\n\t\t\t\t<div class=\"elementor-element elementor-element-5673410 elementor-widget elementor-widget-html\" data-id=\"5673410\" data-element_type=\"widget\" data-e-type=\"widget\" data-widget_type=\"html.default\">\n\t\t\t\t<div class=\"elementor-widget-container\">\n\t\t\t\t\t<bilberry-gift-card-button><\/bilberry-gift-card-button>\t\t\t\t<\/div>\n\t\t\t\t<\/div>\n\t\t\t\t<\/div>\n\t\t<div class=\"elementor-element elementor-element-25eda37 e-con-full e-flex e-con e-child\" data-id=\"25eda37\" data-element_type=\"container\" data-e-type=\"container\" data-settings=\"{&quot;background_background&quot;:&quot;classic&quot;,&quot;shape_divider_bottom&quot;:&quot;pyramids&quot;,&quot;shape_divider_bottom_negative&quot;:&quot;yes&quot;}\">\n\t\t\t\t<div class=\"elementor-shape elementor-shape-bottom\" aria-hidden=\"true\" data-negative=\"true\">\n\t\t\t<svg xmlns=\"http:\/\/www.w3.org\/2000\/svg\" viewBox=\"0 0 1000 100\" preserveAspectRatio=\"none\">\n\t<path class=\"elementor-shape-fill\" d=\"M761.9,40.6L643.1,24L333.9,93.8L0.1,1H0v99h1000V1\"\/>\n<\/svg>\t\t<\/div>\n\t\t\t\t<\/div>\n\t\t\t\t\t<\/div>\n\t\t\t\t<\/div>\n\t\t<div class=\"elementor-element elementor-element-136a36a e-flex e-con-boxed e-con e-parent\" data-id=\"136a36a\" data-element_type=\"container\" data-e-type=\"container\" data-settings=\"{&quot;background_background&quot;:&quot;classic&quot;}\">\n\t\t\t\t\t<div class=\"e-con-inner\">\n\t\t<div class=\"elementor-element elementor-element-5ebec69 e-con-full e-flex e-con e-child\" data-id=\"5ebec69\" data-element_type=\"container\" data-e-type=\"container\" data-settings=\"{&quot;background_background&quot;:&quot;classic&quot;}\">\n\t\t\t\t<div class=\"elementor-element elementor-element-f998696 elementor-widget elementor-widget-heading\" data-id=\"f998696\" data-element_type=\"widget\" data-e-type=\"widget\" data-widget_type=\"heading.default\">\n\t\t\t\t<div class=\"elementor-widget-container\">\n\t\t\t\t\t<h2 class=\"elementor-heading-title elementor-size-default\">Create your own gift card<\/h2>\t\t\t\t<\/div>\n\t\t\t\t<\/div>\n\t\t\t\t<\/div>\n\t\t<div class=\"elementor-element elementor-element-392a9f4 e-grid e-con-full e-con e-child\" data-id=\"392a9f4\" data-element_type=\"container\" data-e-type=\"container\" data-settings=\"{&quot;background_background&quot;:&quot;classic&quot;}\">\n\t\t<div class=\"elementor-element elementor-element-5aaad8f e-con-full e-flex e-con e-child\" data-id=\"5aaad8f\" data-element_type=\"container\" data-e-type=\"container\">\n\t\t\t\t<div class=\"elementor-element elementor-element-f038c95 elementor-widget elementor-widget-text-editor\" data-id=\"f038c95\" data-element_type=\"widget\" data-e-type=\"widget\" data-widget_type=\"text-editor.default\">\n\t\t\t\t<div class=\"elementor-widget-container\">\n\t\t\t\t\t\t\t\t\t<ul><li><strong>Select the amount\/value<\/strong> of the gift card.<\/li><li><strong>Add a personal greeting<\/strong> to the lucky recipient.<\/li><li><strong>Choose your delivery method<\/strong>: Have the gift card sent to your own email, or directly to the recipient.<\/li><li><strong>Enter your contact details and pay.<\/strong><\/li><\/ul><p>Quick and easy &#8211; a gift that creates great memories!<\/p><ul><li>The recipient can easily use the gift card as payment on our online booking.<\/li><\/ul><div class=\"group\/conversation-turn relative flex w-full min-w-0 flex-col agent-turn\"><div class=\"flex-col gap-1 md:gap-3\"><div class=\"flex max-w-full flex-col flex-grow\"><div class=\"min-h-8 text-message flex w-full flex-col items-end gap-2 whitespace-normal break-words text-start [.text-message+&amp;]:mt-5\" dir=\"auto\" data-message-author-role=\"assistant\" data-message-id=\"cd1a9bd2-2331-4bba-9f61-ecfb0ee5ab8a\" data-message-model-slug=\"gpt-4o\"><div class=\"flex w-full flex-col gap-1 empty:hidden first:pt-[3px]\"><div class=\"markdown prose w-full break-words dark:prose-invert light\"><p><strong>Terms and conditions<\/strong><\/p><ul><li>The gift card can be used as payment or partial payment online, by phone or email.<\/li><li>The gift card is valid for one year from the date of purchase.<\/li><li>The gift card cannot be refunded or redeemed for cash.<\/li><\/ul><\/div><\/div><\/div><\/div><\/div><\/div>\t\t\t\t\t\t\t\t<\/div>\n\t\t\t\t<\/div>\n\t\t\t\t<\/div>\n\t\t<div class=\"elementor-element elementor-element-bd5655f e-con-full e-flex e-con e-child\" data-id=\"bd5655f\" data-element_type=\"container\" data-e-type=\"container\">\n\t\t\t\t<div class=\"elementor-element elementor-element-17d47c6 elementor-widget elementor-widget-image\" data-id=\"17d47c6\" data-element_type=\"widget\" data-e-type=\"widget\" data-widget_type=\"image.default\">\n\t\t\t\t<div class=\"elementor-widget-container\">\n\t\t\t\t\t\t\t\t\t\t\t\t\t\t\t<img fetchpriority=\"high\" decoding=\"async\" width=\"1024\" height=\"917\" src=\"https:\/\/seriousfun.no\/wp-content\/uploads\/2025\/03\/Serious-FUN-gavekort-1024x917.png\" class=\"attachment-large size-large wp-image-5370\" alt=\"\" srcset=\"https:\/\/seriousfun.no\/wp-content\/uploads\/2025\/03\/Serious-FUN-gavekort-1024x917.png 1024w, https:\/\/seriousfun.no\/wp-content\/uploads\/2025\/03\/Serious-FUN-gavekort-300x269.png 300w, https:\/\/seriousfun.no\/wp-content\/uploads\/2025\/03\/Serious-FUN-gavekort-768x687.png 768w, https:\/\/seriousfun.no\/wp-content\/uploads\/2025\/03\/Serious-FUN-gavekort.png 1487w\" sizes=\"(max-width: 1024px) 100vw, 1024px\" \/>\t\t\t\t\t\t\t\t\t\t\t\t\t\t\t<\/div>\n\t\t\t\t<\/div>\n\t\t\t\t<div class=\"elementor-element elementor-element-0b4e9e9 elementor-widget elementor-widget-html\" data-id=\"0b4e9e9\" data-element_type=\"widget\" data-e-type=\"widget\" data-widget_type=\"html.default\">\n\t\t\t\t<div class=\"elementor-widget-container\">\n\t\t\t\t\t<bilberry-gift-card-button><\/bilberry-gift-card-button>\t\t\t\t<\/div>\n\t\t\t\t<\/div>\n\t\t\t\t<\/div>\n\t\t\t\t<\/div>\n\t\t\t\t\t<\/div>\n\t\t\t\t<\/div>\n\t\t\t\t<\/div>\n\t\t","protected":false},"excerpt":{"rendered":"<p>gift cards A memorable experience as a gift With a gift card, the recipient can choose from all activities that can be booked online at Serious FUN (contact us if you want other gift cards). Create your own gift card Select the amount\/value of the gift card. Add a personal greeting to the lucky recipient. [&hellip;]<\/p>\n","protected":false},"author":10,"featured_media":5269,"parent":5406,"menu_order":0,"comment_status":"closed","ping_status":"closed","template":"","meta":{"site-sidebar-layout":"no-sidebar","site-content-layout":"page-builder","ast-site-content-layout":"full-width-container","site-content-style":"default","site-sidebar-style":"default","ast-global-header-display":"","ast-banner-title-visibility":"","ast-main-header-display":"","ast-hfb-above-header-display":"","ast-hfb-below-header-display":"","ast-hfb-mobile-header-display":"","site-post-title":"disabled","ast-breadcrumbs-content":"","ast-featured-img":"disabled","footer-sml-layout":"","ast-disable-related-posts":"","theme-transparent-header-meta":"default","adv-header-id-meta":"","stick-header-meta":"","header-above-stick-meta":"","header-main-stick-meta":"","header-below-stick-meta":"","astra-migrate-meta-layouts":"default","ast-page-background-enabled":"default","ast-page-background-meta":{"desktop":{"background-color":"","background-image":"","background-repeat":"repeat","background-position":"center center","background-size":"auto","background-attachment":"scroll","background-type":"","background-media":"","overlay-type":"","overlay-color":"","overlay-opacity":"","overlay-gradient":""},"tablet":{"background-color":"","background-image":"","background-repeat":"repeat","background-position":"center center","background-size":"auto","background-attachment":"scroll","background-type":"","background-media":"","overlay-type":"","overlay-color":"","overlay-opacity":"","overlay-gradient":""},"mobile":{"background-color":"","background-image":"","background-repeat":"repeat","background-position":"center center","background-size":"auto","background-attachment":"scroll","background-type":"","background-media":"","overlay-type":"","overlay-color":"","overlay-opacity":"","overlay-gradient":""}},"ast-content-background-meta":{"desktop":{"background-color":"var(--ast-global-color-5)","background-image":"","background-repeat":"repeat","background-position":"center center","background-size":"auto","background-attachment":"scroll","background-type":"","background-media":"","overlay-type":"","overlay-color":"","overlay-opacity":"","overlay-gradient":""},"tablet":{"background-color":"var(--ast-global-color-5)","background-image":"","background-repeat":"repeat","background-position":"center center","background-size":"auto","background-attachment":"scroll","background-type":"","background-media":"","overlay-type":"","overlay-color":"","overlay-opacity":"","overlay-gradient":""},"mobile":{"background-color":"var(--ast-global-color-5)","background-image":"","background-repeat":"repeat","background-position":"center center","background-size":"auto","background-attachment":"scroll","background-type":"","background-media":"","overlay-type":"","overlay-color":"","overlay-opacity":"","overlay-gradient":""}},"footnotes":""},"class_list":["post-5452","page","type-page","status-publish","has-post-thumbnail","hentry"],"yoast_head":"<!-- This site is optimized with the Yoast SEO plugin v27.4 - https:\/\/yoast.com\/product\/yoast-seo-wordpress\/ -->\n<title>Gift vouchers - Serious Fun Rafting Dagali<\/title>\n<meta name=\"description\" content=\"Give the gift of an action-packed adventure! Buy a digital gift card for rafting at Serious Fun and surprise someone with an unforgettable experience. Book easily online!\" \/>\n<meta name=\"robots\" content=\"index, follow, max-snippet:-1, max-image-preview:large, max-video-preview:-1\" \/>\n<link rel=\"canonical\" href=\"https:\/\/seriousfun.no\/en\/rafting\/gift-vouchers\/\" \/>\n<meta property=\"og:locale\" content=\"en_US\" \/>\n<meta property=\"og:type\" content=\"article\" \/>\n<meta property=\"og:title\" content=\"Gift vouchers - Serious Fun Rafting Dagali\" \/>\n<meta property=\"og:description\" content=\"Give the gift of an action-packed adventure! Buy a digital gift card for rafting at Serious Fun and surprise someone with an unforgettable experience. Book easily online!\" \/>\n<meta property=\"og:url\" content=\"https:\/\/seriousfun.no\/en\/rafting\/gift-vouchers\/\" \/>\n<meta property=\"og:site_name\" content=\"Serious Fun Rafting Dagali\" \/>\n<meta property=\"article:publisher\" content=\"https:\/\/www.facebook.com\/SeriousFunRafting\" \/>\n<meta property=\"article:modified_time\" content=\"2025-03-19T10:14:03+00:00\" \/>\n<meta property=\"og:image\" content=\"https:\/\/seriousfun.no\/wp-content\/uploads\/2025\/01\/gavekort-serious-fun.webp\" \/>\n\t<meta property=\"og:image:width\" content=\"1920\" \/>\n\t<meta property=\"og:image:height\" content=\"1080\" \/>\n\t<meta property=\"og:image:type\" content=\"image\/webp\" \/>\n<meta name=\"twitter:card\" content=\"summary_large_image\" \/>\n<meta name=\"twitter:label1\" content=\"Est. reading time\" \/>\n\t<meta name=\"twitter:data1\" content=\"1 minute\" \/>\n<script type=\"application\/ld+json\" class=\"yoast-schema-graph\">{\"@context\":\"https:\\\/\\\/schema.org\",\"@graph\":[{\"@type\":\"WebPage\",\"@id\":\"https:\\\/\\\/seriousfun.no\\\/en\\\/rafting\\\/gift-vouchers\\\/\",\"url\":\"https:\\\/\\\/seriousfun.no\\\/en\\\/rafting\\\/gift-vouchers\\\/\",\"name\":\"Gift vouchers - Serious Fun Rafting Dagali\",\"isPartOf\":{\"@id\":\"https:\\\/\\\/seriousfun.no\\\/en\\\/#website\"},\"primaryImageOfPage\":{\"@id\":\"https:\\\/\\\/seriousfun.no\\\/en\\\/rafting\\\/gift-vouchers\\\/#primaryimage\"},\"image\":{\"@id\":\"https:\\\/\\\/seriousfun.no\\\/en\\\/rafting\\\/gift-vouchers\\\/#primaryimage\"},\"thumbnailUrl\":\"https:\\\/\\\/seriousfun.no\\\/wp-content\\\/uploads\\\/2025\\\/01\\\/gavekort-serious-fun.webp\",\"datePublished\":\"2025-02-15T13:36:05+00:00\",\"dateModified\":\"2025-03-19T10:14:03+00:00\",\"description\":\"Give the gift of an action-packed adventure! Buy a digital gift card for rafting at Serious Fun and surprise someone with an unforgettable experience. Book easily online!\",\"breadcrumb\":{\"@id\":\"https:\\\/\\\/seriousfun.no\\\/en\\\/rafting\\\/gift-vouchers\\\/#breadcrumb\"},\"inLanguage\":\"en-US\",\"potentialAction\":[{\"@type\":\"ReadAction\",\"target\":[\"https:\\\/\\\/seriousfun.no\\\/en\\\/rafting\\\/gift-vouchers\\\/\"]}]},{\"@type\":\"ImageObject\",\"inLanguage\":\"en-US\",\"@id\":\"https:\\\/\\\/seriousfun.no\\\/en\\\/rafting\\\/gift-vouchers\\\/#primaryimage\",\"url\":\"https:\\\/\\\/seriousfun.no\\\/wp-content\\\/uploads\\\/2025\\\/01\\\/gavekort-serious-fun.webp\",\"contentUrl\":\"https:\\\/\\\/seriousfun.no\\\/wp-content\\\/uploads\\\/2025\\\/01\\\/gavekort-serious-fun.webp\",\"width\":1920,\"height\":1080,\"caption\":\"gavekort rafting dagali geilo\"},{\"@type\":\"BreadcrumbList\",\"@id\":\"https:\\\/\\\/seriousfun.no\\\/en\\\/rafting\\\/gift-vouchers\\\/#breadcrumb\",\"itemListElement\":[{\"@type\":\"ListItem\",\"position\":1,\"name\":\"Home\",\"item\":\"https:\\\/\\\/seriousfun.no\\\/en\\\/\"},{\"@type\":\"ListItem\",\"position\":2,\"name\":\"Rafting\",\"item\":\"https:\\\/\\\/seriousfun.no\\\/en\\\/rafting\\\/\"},{\"@type\":\"ListItem\",\"position\":3,\"name\":\"Gift vouchers\"}]},{\"@type\":\"WebSite\",\"@id\":\"https:\\\/\\\/seriousfun.no\\\/en\\\/#website\",\"url\":\"https:\\\/\\\/seriousfun.no\\\/en\\\/\",\"name\":\"Serious Fun Raftingsenter Dagali\",\"description\":\"Rafting i Dagali n\u00e6r Geilo. Ulike niv\u00e5er med erfarne guider p\u00e5 Norges beste rafting elv. Over 30 \u00e5rs erfaring og lokal ekspertise\",\"publisher\":{\"@id\":\"https:\\\/\\\/seriousfun.no\\\/en\\\/#organization\"},\"potentialAction\":[{\"@type\":\"SearchAction\",\"target\":{\"@type\":\"EntryPoint\",\"urlTemplate\":\"https:\\\/\\\/seriousfun.no\\\/en\\\/?s={search_term_string}\"},\"query-input\":{\"@type\":\"PropertyValueSpecification\",\"valueRequired\":true,\"valueName\":\"search_term_string\"}}],\"inLanguage\":\"en-US\"},{\"@type\":\"Organization\",\"@id\":\"https:\\\/\\\/seriousfun.no\\\/en\\\/#organization\",\"name\":\"Serious Fun Raftingsenter Dagali\",\"url\":\"https:\\\/\\\/seriousfun.no\\\/en\\\/\",\"logo\":{\"@type\":\"ImageObject\",\"inLanguage\":\"en-US\",\"@id\":\"https:\\\/\\\/seriousfun.no\\\/en\\\/#\\\/schema\\\/logo\\\/image\\\/\",\"url\":\"https:\\\/\\\/seriousfun.no\\\/wp-content\\\/uploads\\\/2023\\\/10\\\/weblogo-e1737311130281.webp\",\"contentUrl\":\"https:\\\/\\\/seriousfun.no\\\/wp-content\\\/uploads\\\/2023\\\/10\\\/weblogo-e1737311130281.webp\",\"width\":150,\"height\":100,\"caption\":\"Serious Fun Raftingsenter Dagali\"},\"image\":{\"@id\":\"https:\\\/\\\/seriousfun.no\\\/en\\\/#\\\/schema\\\/logo\\\/image\\\/\"},\"sameAs\":[\"https:\\\/\\\/www.facebook.com\\\/SeriousFunRafting\",\"https:\\\/\\\/www.instagram.com\\\/seriousfunrafting\\\/\"]}]}<\/script>\n<!-- \/ Yoast SEO plugin. -->","yoast_head_json":{"title":"Gift vouchers - Serious Fun Rafting Dagali","description":"Give the gift of an action-packed adventure! Buy a digital gift card for rafting at Serious Fun and surprise someone with an unforgettable experience. Book easily online!","robots":{"index":"index","follow":"follow","max-snippet":"max-snippet:-1","max-image-preview":"max-image-preview:large","max-video-preview":"max-video-preview:-1"},"canonical":"https:\/\/seriousfun.no\/en\/rafting\/gift-vouchers\/","og_locale":"en_US","og_type":"article","og_title":"Gift vouchers - Serious Fun Rafting Dagali","og_description":"Give the gift of an action-packed adventure! Buy a digital gift card for rafting at Serious Fun and surprise someone with an unforgettable experience. Book easily online!","og_url":"https:\/\/seriousfun.no\/en\/rafting\/gift-vouchers\/","og_site_name":"Serious Fun Rafting Dagali","article_publisher":"https:\/\/www.facebook.com\/SeriousFunRafting","article_modified_time":"2025-03-19T10:14:03+00:00","og_image":[{"width":1920,"height":1080,"url":"https:\/\/seriousfun.no\/wp-content\/uploads\/2025\/01\/gavekort-serious-fun.webp","type":"image\/webp"}],"twitter_card":"summary_large_image","twitter_misc":{"Est. reading time":"1 minute"},"schema":{"@context":"https:\/\/schema.org","@graph":[{"@type":"WebPage","@id":"https:\/\/seriousfun.no\/en\/rafting\/gift-vouchers\/","url":"https:\/\/seriousfun.no\/en\/rafting\/gift-vouchers\/","name":"Gift vouchers - Serious Fun Rafting Dagali","isPartOf":{"@id":"https:\/\/seriousfun.no\/en\/#website"},"primaryImageOfPage":{"@id":"https:\/\/seriousfun.no\/en\/rafting\/gift-vouchers\/#primaryimage"},"image":{"@id":"https:\/\/seriousfun.no\/en\/rafting\/gift-vouchers\/#primaryimage"},"thumbnailUrl":"https:\/\/seriousfun.no\/wp-content\/uploads\/2025\/01\/gavekort-serious-fun.webp","datePublished":"2025-02-15T13:36:05+00:00","dateModified":"2025-03-19T10:14:03+00:00","description":"Give the gift of an action-packed adventure! Buy a digital gift card for rafting at Serious Fun and surprise someone with an unforgettable experience. Book easily online!","breadcrumb":{"@id":"https:\/\/seriousfun.no\/en\/rafting\/gift-vouchers\/#breadcrumb"},"inLanguage":"en-US","potentialAction":[{"@type":"ReadAction","target":["https:\/\/seriousfun.no\/en\/rafting\/gift-vouchers\/"]}]},{"@type":"ImageObject","inLanguage":"en-US","@id":"https:\/\/seriousfun.no\/en\/rafting\/gift-vouchers\/#primaryimage","url":"https:\/\/seriousfun.no\/wp-content\/uploads\/2025\/01\/gavekort-serious-fun.webp","contentUrl":"https:\/\/seriousfun.no\/wp-content\/uploads\/2025\/01\/gavekort-serious-fun.webp","width":1920,"height":1080,"caption":"gavekort rafting dagali geilo"},{"@type":"BreadcrumbList","@id":"https:\/\/seriousfun.no\/en\/rafting\/gift-vouchers\/#breadcrumb","itemListElement":[{"@type":"ListItem","position":1,"name":"Home","item":"https:\/\/seriousfun.no\/en\/"},{"@type":"ListItem","position":2,"name":"Rafting","item":"https:\/\/seriousfun.no\/en\/rafting\/"},{"@type":"ListItem","position":3,"name":"Gift vouchers"}]},{"@type":"WebSite","@id":"https:\/\/seriousfun.no\/en\/#website","url":"https:\/\/seriousfun.no\/en\/","name":"Serious Fun Raftingsenter Dagali","description":"Rafting i Dagali n\u00e6r Geilo. Ulike niv\u00e5er med erfarne guider p\u00e5 Norges beste rafting elv. Over 30 \u00e5rs erfaring og lokal ekspertise","publisher":{"@id":"https:\/\/seriousfun.no\/en\/#organization"},"potentialAction":[{"@type":"SearchAction","target":{"@type":"EntryPoint","urlTemplate":"https:\/\/seriousfun.no\/en\/?s={search_term_string}"},"query-input":{"@type":"PropertyValueSpecification","valueRequired":true,"valueName":"search_term_string"}}],"inLanguage":"en-US"},{"@type":"Organization","@id":"https:\/\/seriousfun.no\/en\/#organization","name":"Serious Fun Raftingsenter Dagali","url":"https:\/\/seriousfun.no\/en\/","logo":{"@type":"ImageObject","inLanguage":"en-US","@id":"https:\/\/seriousfun.no\/en\/#\/schema\/logo\/image\/","url":"https:\/\/seriousfun.no\/wp-content\/uploads\/2023\/10\/weblogo-e1737311130281.webp","contentUrl":"https:\/\/seriousfun.no\/wp-content\/uploads\/2023\/10\/weblogo-e1737311130281.webp","width":150,"height":100,"caption":"Serious Fun Raftingsenter Dagali"},"image":{"@id":"https:\/\/seriousfun.no\/en\/#\/schema\/logo\/image\/"},"sameAs":["https:\/\/www.facebook.com\/SeriousFunRafting","https:\/\/www.instagram.com\/seriousfunrafting\/"]}]}},"_links":{"self":[{"href":"https:\/\/seriousfun.no\/en\/wp-json\/wp\/v2\/pages\/5452","targetHints":{"allow":["GET"]}}],"collection":[{"href":"https:\/\/seriousfun.no\/en\/wp-json\/wp\/v2\/pages"}],"about":[{"href":"https:\/\/seriousfun.no\/en\/wp-json\/wp\/v2\/types\/page"}],"author":[{"embeddable":true,"href":"https:\/\/seriousfun.no\/en\/wp-json\/wp\/v2\/users\/10"}],"replies":[{"embeddable":true,"href":"https:\/\/seriousfun.no\/en\/wp-json\/wp\/v2\/comments?post=5452"}],"version-history":[{"count":2,"href":"https:\/\/seriousfun.no\/en\/wp-json\/wp\/v2\/pages\/5452\/revisions"}],"predecessor-version":[{"id":5590,"href":"https:\/\/seriousfun.no\/en\/wp-json\/wp\/v2\/pages\/5452\/revisions\/5590"}],"up":[{"embeddable":true,"href":"https:\/\/seriousfun.no\/en\/wp-json\/wp\/v2\/pages\/5406"}],"wp:featuredmedia":[{"embeddable":true,"href":"https:\/\/seriousfun.no\/en\/wp-json\/wp\/v2\/media\/5269"}],"wp:attachment":[{"href":"https:\/\/seriousfun.no\/en\/wp-json\/wp\/v2\/media?parent=5452"}],"curies":[{"name":"wp","href":"https:\/\/api.w.org\/{rel}","templated":true}]}}