{"id":5443,"date":"2018-10-29T23:03:33","date_gmt":"2018-10-29T22:03:33","guid":{"rendered":"https:\/\/seriousfun.no\/privacy-policy\/"},"modified":"2025-03-21T19:31:07","modified_gmt":"2025-03-21T18:31:07","slug":"privacy-policy","status":"publish","type":"page","link":"https:\/\/seriousfun.no\/en\/privacy-policy\/","title":{"rendered":"Privacy policy"},"content":{"rendered":"\t\t<div data-elementor-type=\"wp-page\" data-elementor-id=\"5443\" class=\"elementor elementor-5443 elementor-5\" data-elementor-post-type=\"page\">\n\t\t\t\t<div class=\"elementor-element elementor-element-e022b05 e-flex e-con-boxed e-con e-parent\" data-id=\"e022b05\" data-element_type=\"container\" data-e-type=\"container\" data-settings=\"{&quot;background_background&quot;:&quot;classic&quot;,&quot;shape_divider_bottom&quot;:&quot;pyramids&quot;,&quot;shape_divider_bottom_negative&quot;:&quot;yes&quot;}\">\n\t\t\t\t\t<div class=\"e-con-inner\">\n\t\t\t\t<div class=\"elementor-shape elementor-shape-bottom\" aria-hidden=\"true\" data-negative=\"true\">\n\t\t\t<svg xmlns=\"http:\/\/www.w3.org\/2000\/svg\" viewBox=\"0 0 1000 100\" preserveAspectRatio=\"none\">\n\t<path class=\"elementor-shape-fill\" d=\"M761.9,40.6L643.1,24L333.9,93.8L0.1,1H0v99h1000V1\"\/>\n<\/svg>\t\t<\/div>\n\t\t<div class=\"elementor-element elementor-element-9154b28 e-con-full e-flex e-con e-child\" data-id=\"9154b28\" data-element_type=\"container\" data-e-type=\"container\" data-settings=\"{&quot;background_background&quot;:&quot;classic&quot;}\">\n\t\t\t\t<div class=\"elementor-element elementor-element-c4da036 elementor-widget elementor-widget-heading\" data-id=\"c4da036\" data-element_type=\"widget\" data-e-type=\"widget\" data-widget_type=\"heading.default\">\n\t\t\t\t<div class=\"elementor-widget-container\">\n\t\t\t\t\t<h1 class=\"elementor-heading-title elementor-size-default\">Privacy policy<\/h1>\t\t\t\t<\/div>\n\t\t\t\t<\/div>\n\t\t\t\t<\/div>\n\t\t\t\t\t<\/div>\n\t\t\t\t<\/div>\n\t\t<div class=\"elementor-element elementor-element-e2a0bf1 e-flex e-con-boxed e-con e-parent\" data-id=\"e2a0bf1\" data-element_type=\"container\" data-e-type=\"container\">\n\t\t\t\t\t<div class=\"e-con-inner\">\n\t\t\t\t<div class=\"elementor-element elementor-element-1f75dd50 elementor-widget elementor-widget-text-editor\" data-id=\"1f75dd50\" data-element_type=\"widget\" data-e-type=\"widget\" data-widget_type=\"text-editor.default\">\n\t\t\t\t<div class=\"elementor-widget-container\">\n\t\t\t\t\t\t\t\t\t<p><strong>Privacy policy for Serious Fun AS<\/strong><\/p><p>At Serious Fun AS, we take your privacy seriously. This privacy policy explains how we collect, use and protect your personal data when you use our services. <\/p><ol><li> <strong> Data controller<\/strong><br>Serious Fun AS, represented by the administrative manager, is the data controller for the processing of personal data.<\/li><li> <strong> Collection of personal data<\/strong><br>We collect personal data in the following cases:<\/li><\/ol><ul><li>When you book activities or services (name, contact information and payment details).<\/li><li>When you participate in our activities, where you must complete a self-declaration.<\/li><li>When you contact us by phone, email or website.<\/li><li>When you subscribe to our newsletter (e-mail address).<\/li><\/ul><ol start=\"3\"><li> <strong> Self-declaration and participant lists<\/strong><br>Before participating in our activities, you must complete a self-declaration confirming that you have been informed of the risks and are medically fit to participate. This information is kept for one year to handle any injuries, complaints or other inquiries. <\/li><li> <strong> Purpose of processing<\/strong><br>Your personal data is used for:<\/li><\/ol><ul><li>Management and delivery of activities and services.<\/li><li>Safety and follow-up during and after the activity.<\/li><li>Marketing, if you have consented.<\/li><\/ul><ol start=\"5\"><li> <strong> Sharing of personal data<\/strong><br>We only share personal data with carefully selected third-party providers who help us deliver our services. Examples include: <\/li><\/ol><ul><li><strong>Nets<\/strong>: For the processing of payments.<\/li><li><strong>Mailchimp<\/strong>: For sending newsletters and marketing information.<\/li><li><strong>Bilberry<\/strong>: For the management of orders.<\/li><\/ul><p><a href=\"https:\/\/seriousfun.no\/en\/information-cookies\/\">More information about how we use cookies<\/a><\/p><ol start=\"6\"><li> <strong> Your rights<\/strong><br>You have the right to:<\/li><\/ol><ul><li>Access to what personal data we have about you.<\/li><li>To have information corrected or deleted.<\/li><li>To withdraw consent to treatment.<\/li><\/ul><ol start=\"7\"><li> <strong> Contact information<\/strong><br>For questions about our processing of personal data, please contact us by e-mail: post@seriousfun.no.<\/li><li> <strong> Changes to the privacy policy<\/strong><br>We may update this policy from time to time. Significant changes will be notified on the website. <\/li><\/ol>\t\t\t\t\t\t\t\t<\/div>\n\t\t\t\t<\/div>\n\t\t\t\t\t<\/div>\n\t\t\t\t<\/div>\n\t\t\t\t<\/div>\n\t\t","protected":false},"excerpt":{"rendered":"<p>Privacy policy for Serious Fun AS At Serious Fun AS, we take your privacy seriously. This privacy policy explains how we collect, use and protect your personal data when you use our services. Data controllerSerious Fun AS, represented by the administrative manager, is the data controller for the processing of personal data. Collection of personal [&hellip;]<\/p>\n","protected":false},"author":10,"featured_media":0,"parent":0,"menu_order":0,"comment_status":"closed","ping_status":"closed","template":"elementor_header_footer","meta":{"site-sidebar-layout":"default","site-content-layout":"default","ast-site-content-layout":"full-width-container","site-content-style":"default","site-sidebar-style":"default","ast-global-header-display":"","ast-banner-title-visibility":"","ast-main-header-display":"","ast-hfb-above-header-display":"","ast-hfb-below-header-display":"","ast-hfb-mobile-header-display":"","site-post-title":"","ast-breadcrumbs-content":"","ast-featured-img":"","footer-sml-layout":"","ast-disable-related-posts":"","theme-transparent-header-meta":"default","adv-header-id-meta":"","stick-header-meta":"","header-above-stick-meta":"","header-main-stick-meta":"","header-below-stick-meta":"","astra-migrate-meta-layouts":"default","ast-page-background-enabled":"default","ast-page-background-meta":{"desktop":{"background-color":"","background-image":"","background-repeat":"repeat","background-position":"center center","background-size":"auto","background-attachment":"scroll","background-type":"","background-media":"","overlay-type":"","overlay-color":"","overlay-opacity":"","overlay-gradient":""},"tablet":{"background-color":"","background-image":"","background-repeat":"repeat","background-position":"center center","background-size":"auto","background-attachment":"scroll","background-type":"","background-media":"","overlay-type":"","overlay-color":"","overlay-opacity":"","overlay-gradient":""},"mobile":{"background-color":"","background-image":"","background-repeat":"repeat","background-position":"center center","background-size":"auto","background-attachment":"scroll","background-type":"","background-media":"","overlay-type":"","overlay-color":"","overlay-opacity":"","overlay-gradient":""}},"ast-content-background-meta":{"desktop":{"background-color":"var(--ast-global-color-5)","background-image":"","background-repeat":"repeat","background-position":"center center","background-size":"auto","background-attachment":"scroll","background-type":"","background-media":"","overlay-type":"","overlay-color":"","overlay-opacity":"","overlay-gradient":""},"tablet":{"background-color":"var(--ast-global-color-5)","background-image":"","background-repeat":"repeat","background-position":"center center","background-size":"auto","background-attachment":"scroll","background-type":"","background-media":"","overlay-type":"","overlay-color":"","overlay-opacity":"","overlay-gradient":""},"mobile":{"background-color":"var(--ast-global-color-5)","background-image":"","background-repeat":"repeat","background-position":"center center","background-size":"auto","background-attachment":"scroll","background-type":"","background-media":"","overlay-type":"","overlay-color":"","overlay-opacity":"","overlay-gradient":""}},"footnotes":""},"class_list":["post-5443","page","type-page","status-publish","hentry"],"yoast_head":"<!-- This site is optimized with the Yoast SEO plugin v27.4 - https:\/\/yoast.com\/product\/yoast-seo-wordpress\/ -->\n<title>Privacy policy - Serious Fun Rafting Dagali<\/title>\n<meta name=\"description\" content=\"Read how Serious Fun AS processes your personal data. Procedures for storing, sharing and using data, as well as your rights.\" \/>\n<meta name=\"robots\" content=\"index, follow, max-snippet:-1, max-image-preview:large, max-video-preview:-1\" \/>\n<link rel=\"canonical\" href=\"https:\/\/seriousfun.no\/en\/privacy-policy\/\" \/>\n<meta property=\"og:locale\" content=\"en_US\" \/>\n<meta property=\"og:type\" content=\"article\" \/>\n<meta property=\"og:title\" content=\"Privacy policy - Serious Fun Rafting Dagali\" \/>\n<meta property=\"og:description\" content=\"Read how Serious Fun AS processes your personal data. Procedures for storing, sharing and using data, as well as your rights.\" \/>\n<meta property=\"og:url\" content=\"https:\/\/seriousfun.no\/en\/privacy-policy\/\" \/>\n<meta property=\"og:site_name\" content=\"Serious Fun Rafting Dagali\" \/>\n<meta property=\"article:publisher\" content=\"https:\/\/www.facebook.com\/SeriousFunRafting\" \/>\n<meta property=\"article:modified_time\" content=\"2025-03-21T18:31:07+00:00\" \/>\n<meta name=\"twitter:card\" content=\"summary_large_image\" \/>\n<meta name=\"twitter:label1\" content=\"Est. reading time\" \/>\n\t<meta name=\"twitter:data1\" content=\"1 minute\" \/>\n<script type=\"application\/ld+json\" class=\"yoast-schema-graph\">{\"@context\":\"https:\\\/\\\/schema.org\",\"@graph\":[{\"@type\":\"WebPage\",\"@id\":\"https:\\\/\\\/seriousfun.no\\\/en\\\/privacy-policy\\\/\",\"url\":\"https:\\\/\\\/seriousfun.no\\\/en\\\/privacy-policy\\\/\",\"name\":\"Privacy policy - Serious Fun Rafting Dagali\",\"isPartOf\":{\"@id\":\"https:\\\/\\\/seriousfun.no\\\/en\\\/#website\"},\"datePublished\":\"2018-10-29T22:03:33+00:00\",\"dateModified\":\"2025-03-21T18:31:07+00:00\",\"description\":\"Read how Serious Fun AS processes your personal data. Procedures for storing, sharing and using data, as well as your rights.\",\"breadcrumb\":{\"@id\":\"https:\\\/\\\/seriousfun.no\\\/en\\\/privacy-policy\\\/#breadcrumb\"},\"inLanguage\":\"en-US\",\"potentialAction\":[{\"@type\":\"ReadAction\",\"target\":[\"https:\\\/\\\/seriousfun.no\\\/en\\\/privacy-policy\\\/\"]}]},{\"@type\":\"BreadcrumbList\",\"@id\":\"https:\\\/\\\/seriousfun.no\\\/en\\\/privacy-policy\\\/#breadcrumb\",\"itemListElement\":[{\"@type\":\"ListItem\",\"position\":1,\"name\":\"Home\",\"item\":\"https:\\\/\\\/seriousfun.no\\\/en\\\/\"},{\"@type\":\"ListItem\",\"position\":2,\"name\":\"Privacy policy\"}]},{\"@type\":\"WebSite\",\"@id\":\"https:\\\/\\\/seriousfun.no\\\/en\\\/#website\",\"url\":\"https:\\\/\\\/seriousfun.no\\\/en\\\/\",\"name\":\"Serious Fun Raftingsenter Dagali\",\"description\":\"Rafting i Dagali n\u00e6r Geilo. Ulike niv\u00e5er med erfarne guider p\u00e5 Norges beste rafting elv. Over 30 \u00e5rs erfaring og lokal ekspertise\",\"publisher\":{\"@id\":\"https:\\\/\\\/seriousfun.no\\\/en\\\/#organization\"},\"potentialAction\":[{\"@type\":\"SearchAction\",\"target\":{\"@type\":\"EntryPoint\",\"urlTemplate\":\"https:\\\/\\\/seriousfun.no\\\/en\\\/?s={search_term_string}\"},\"query-input\":{\"@type\":\"PropertyValueSpecification\",\"valueRequired\":true,\"valueName\":\"search_term_string\"}}],\"inLanguage\":\"en-US\"},{\"@type\":\"Organization\",\"@id\":\"https:\\\/\\\/seriousfun.no\\\/en\\\/#organization\",\"name\":\"Serious Fun Raftingsenter Dagali\",\"url\":\"https:\\\/\\\/seriousfun.no\\\/en\\\/\",\"logo\":{\"@type\":\"ImageObject\",\"inLanguage\":\"en-US\",\"@id\":\"https:\\\/\\\/seriousfun.no\\\/en\\\/#\\\/schema\\\/logo\\\/image\\\/\",\"url\":\"https:\\\/\\\/seriousfun.no\\\/wp-content\\\/uploads\\\/2023\\\/10\\\/weblogo-e1737311130281.webp\",\"contentUrl\":\"https:\\\/\\\/seriousfun.no\\\/wp-content\\\/uploads\\\/2023\\\/10\\\/weblogo-e1737311130281.webp\",\"width\":150,\"height\":100,\"caption\":\"Serious Fun Raftingsenter Dagali\"},\"image\":{\"@id\":\"https:\\\/\\\/seriousfun.no\\\/en\\\/#\\\/schema\\\/logo\\\/image\\\/\"},\"sameAs\":[\"https:\\\/\\\/www.facebook.com\\\/SeriousFunRafting\",\"https:\\\/\\\/www.instagram.com\\\/seriousfunrafting\\\/\"]}]}<\/script>\n<!-- \/ Yoast SEO plugin. -->","yoast_head_json":{"title":"Privacy policy - Serious Fun Rafting Dagali","description":"Read how Serious Fun AS processes your personal data. Procedures for storing, sharing and using data, as well as your rights.","robots":{"index":"index","follow":"follow","max-snippet":"max-snippet:-1","max-image-preview":"max-image-preview:large","max-video-preview":"max-video-preview:-1"},"canonical":"https:\/\/seriousfun.no\/en\/privacy-policy\/","og_locale":"en_US","og_type":"article","og_title":"Privacy policy - Serious Fun Rafting Dagali","og_description":"Read how Serious Fun AS processes your personal data. Procedures for storing, sharing and using data, as well as your rights.","og_url":"https:\/\/seriousfun.no\/en\/privacy-policy\/","og_site_name":"Serious Fun Rafting Dagali","article_publisher":"https:\/\/www.facebook.com\/SeriousFunRafting","article_modified_time":"2025-03-21T18:31:07+00:00","twitter_card":"summary_large_image","twitter_misc":{"Est. reading time":"1 minute"},"schema":{"@context":"https:\/\/schema.org","@graph":[{"@type":"WebPage","@id":"https:\/\/seriousfun.no\/en\/privacy-policy\/","url":"https:\/\/seriousfun.no\/en\/privacy-policy\/","name":"Privacy policy - Serious Fun Rafting Dagali","isPartOf":{"@id":"https:\/\/seriousfun.no\/en\/#website"},"datePublished":"2018-10-29T22:03:33+00:00","dateModified":"2025-03-21T18:31:07+00:00","description":"Read how Serious Fun AS processes your personal data. Procedures for storing, sharing and using data, as well as your rights.","breadcrumb":{"@id":"https:\/\/seriousfun.no\/en\/privacy-policy\/#breadcrumb"},"inLanguage":"en-US","potentialAction":[{"@type":"ReadAction","target":["https:\/\/seriousfun.no\/en\/privacy-policy\/"]}]},{"@type":"BreadcrumbList","@id":"https:\/\/seriousfun.no\/en\/privacy-policy\/#breadcrumb","itemListElement":[{"@type":"ListItem","position":1,"name":"Home","item":"https:\/\/seriousfun.no\/en\/"},{"@type":"ListItem","position":2,"name":"Privacy policy"}]},{"@type":"WebSite","@id":"https:\/\/seriousfun.no\/en\/#website","url":"https:\/\/seriousfun.no\/en\/","name":"Serious Fun Raftingsenter Dagali","description":"Rafting i Dagali n\u00e6r Geilo. Ulike niv\u00e5er med erfarne guider p\u00e5 Norges beste rafting elv. Over 30 \u00e5rs erfaring og lokal ekspertise","publisher":{"@id":"https:\/\/seriousfun.no\/en\/#organization"},"potentialAction":[{"@type":"SearchAction","target":{"@type":"EntryPoint","urlTemplate":"https:\/\/seriousfun.no\/en\/?s={search_term_string}"},"query-input":{"@type":"PropertyValueSpecification","valueRequired":true,"valueName":"search_term_string"}}],"inLanguage":"en-US"},{"@type":"Organization","@id":"https:\/\/seriousfun.no\/en\/#organization","name":"Serious Fun Raftingsenter Dagali","url":"https:\/\/seriousfun.no\/en\/","logo":{"@type":"ImageObject","inLanguage":"en-US","@id":"https:\/\/seriousfun.no\/en\/#\/schema\/logo\/image\/","url":"https:\/\/seriousfun.no\/wp-content\/uploads\/2023\/10\/weblogo-e1737311130281.webp","contentUrl":"https:\/\/seriousfun.no\/wp-content\/uploads\/2023\/10\/weblogo-e1737311130281.webp","width":150,"height":100,"caption":"Serious Fun Raftingsenter Dagali"},"image":{"@id":"https:\/\/seriousfun.no\/en\/#\/schema\/logo\/image\/"},"sameAs":["https:\/\/www.facebook.com\/SeriousFunRafting","https:\/\/www.instagram.com\/seriousfunrafting\/"]}]}},"_links":{"self":[{"href":"https:\/\/seriousfun.no\/en\/wp-json\/wp\/v2\/pages\/5443","targetHints":{"allow":["GET"]}}],"collection":[{"href":"https:\/\/seriousfun.no\/en\/wp-json\/wp\/v2\/pages"}],"about":[{"href":"https:\/\/seriousfun.no\/en\/wp-json\/wp\/v2\/types\/page"}],"author":[{"embeddable":true,"href":"https:\/\/seriousfun.no\/en\/wp-json\/wp\/v2\/users\/10"}],"replies":[{"embeddable":true,"href":"https:\/\/seriousfun.no\/en\/wp-json\/wp\/v2\/comments?post=5443"}],"version-history":[{"count":3,"href":"https:\/\/seriousfun.no\/en\/wp-json\/wp\/v2\/pages\/5443\/revisions"}],"predecessor-version":[{"id":5726,"href":"https:\/\/seriousfun.no\/en\/wp-json\/wp\/v2\/pages\/5443\/revisions\/5726"}],"wp:attachment":[{"href":"https:\/\/seriousfun.no\/en\/wp-json\/wp\/v2\/media?parent=5443"}],"curies":[{"name":"wp","href":"https:\/\/api.w.org\/{rel}","templated":true}]}}