{"id":5439,"date":"2025-01-27T10:29:52","date_gmt":"2025-01-27T09:29:52","guid":{"rendered":"https:\/\/seriousfun.no\/media-coverage\/"},"modified":"2025-03-18T21:03:07","modified_gmt":"2025-03-18T20:03:07","slug":"media-coverage","status":"publish","type":"page","link":"https:\/\/seriousfun.no\/en\/media-coverage\/","title":{"rendered":"Media coverage"},"content":{"rendered":"\t\t<div data-elementor-type=\"wp-page\" data-elementor-id=\"5439\" class=\"elementor elementor-5439 elementor-2733\" data-elementor-post-type=\"page\">\n\t\t\t\t<div class=\"elementor-element elementor-element-5ebde11 e-flex e-con-boxed e-con e-parent\" data-id=\"5ebde11\" data-element_type=\"container\" data-e-type=\"container\" data-settings=\"{&quot;background_background&quot;:&quot;classic&quot;,&quot;shape_divider_bottom&quot;:&quot;pyramids&quot;,&quot;shape_divider_bottom_negative&quot;:&quot;yes&quot;}\">\n\t\t\t\t\t<div class=\"e-con-inner\">\n\t\t\t\t<div class=\"elementor-shape elementor-shape-bottom\" aria-hidden=\"true\" data-negative=\"true\">\n\t\t\t<svg xmlns=\"http:\/\/www.w3.org\/2000\/svg\" viewBox=\"0 0 1000 100\" preserveAspectRatio=\"none\">\n\t<path class=\"elementor-shape-fill\" d=\"M761.9,40.6L643.1,24L333.9,93.8L0.1,1H0v99h1000V1\"\/>\n<\/svg>\t\t<\/div>\n\t\t<div class=\"elementor-element elementor-element-5e69bce e-con-full e-flex e-con e-child\" data-id=\"5e69bce\" data-element_type=\"container\" data-e-type=\"container\" data-settings=\"{&quot;background_background&quot;:&quot;classic&quot;}\">\n\t\t\t\t<div class=\"elementor-element elementor-element-b68deb6 elementor-widget elementor-widget-heading\" data-id=\"b68deb6\" data-element_type=\"widget\" data-e-type=\"widget\" data-widget_type=\"heading.default\">\n\t\t\t\t<div class=\"elementor-widget-container\">\n\t\t\t\t\t<h1 class=\"elementor-heading-title elementor-size-default\">media coverage<\/h1>\t\t\t\t<\/div>\n\t\t\t\t<\/div>\n\t\t\t\t<div class=\"elementor-element elementor-element-e9ebd60 elementor-icon-list--layout-inline elementor-align-end elementor-mobile-align-center elementor-list-item-link-full_width elementor-widget elementor-widget-icon-list\" data-id=\"e9ebd60\" data-element_type=\"widget\" data-e-type=\"widget\" data-widget_type=\"icon-list.default\">\n\t\t\t\t<div class=\"elementor-widget-container\">\n\t\t\t\t\t\t\t<ul class=\"elementor-icon-list-items elementor-inline-items\">\n\t\t\t\t\t\t\t<li class=\"elementor-icon-list-item elementor-inline-item\">\n\t\t\t\t\t\t\t\t\t\t<span class=\"elementor-icon-list-text\">Home page<\/span>\n\t\t\t\t\t\t\t\t\t<\/li>\n\t\t\t\t\t\t\t\t<li class=\"elementor-icon-list-item elementor-inline-item\">\n\t\t\t\t\t\t\t\t\t\t\t<span class=\"elementor-icon-list-icon\">\n\t\t\t\t\t\t\t<i aria-hidden=\"true\" class=\"fas fa-chevron-right\"><\/i>\t\t\t\t\t\t<\/span>\n\t\t\t\t\t\t\t\t\t\t<span class=\"elementor-icon-list-text\">Media coverage<\/span>\n\t\t\t\t\t\t\t\t\t<\/li>\n\t\t\t\t\t\t<\/ul>\n\t\t\t\t\t\t<\/div>\n\t\t\t\t<\/div>\n\t\t\t\t<\/div>\n\t\t\t\t\t<\/div>\n\t\t\t\t<\/div>\n\t\t<div class=\"elementor-element elementor-element-3ecc7aa e-flex e-con-boxed e-con e-parent\" data-id=\"3ecc7aa\" data-element_type=\"container\" data-e-type=\"container\">\n\t\t\t\t\t<div class=\"e-con-inner\">\n\t\t<div class=\"elementor-element elementor-element-359e806 e-con-full e-flex e-con e-child\" data-id=\"359e806\" data-element_type=\"container\" data-e-type=\"container\">\n\t\t<div class=\"elementor-element elementor-element-c3ad519 e-con-full e-flex e-con e-child\" data-id=\"c3ad519\" data-element_type=\"container\" data-e-type=\"container\" data-settings=\"{&quot;background_background&quot;:&quot;classic&quot;,&quot;shape_divider_bottom&quot;:&quot;pyramids&quot;,&quot;shape_divider_bottom_negative&quot;:&quot;yes&quot;}\">\n\t\t\t\t<div class=\"elementor-shape elementor-shape-bottom\" aria-hidden=\"true\" data-negative=\"true\">\n\t\t\t<svg xmlns=\"http:\/\/www.w3.org\/2000\/svg\" viewBox=\"0 0 1000 100\" preserveAspectRatio=\"none\">\n\t<path class=\"elementor-shape-fill\" d=\"M761.9,40.6L643.1,24L333.9,93.8L0.1,1H0v99h1000V1\"\/>\n<\/svg>\t\t<\/div>\n\t\t<div class=\"elementor-element elementor-element-29e14bb e-con-full e-flex e-con e-child\" data-id=\"29e14bb\" data-element_type=\"container\" data-e-type=\"container\">\n\t\t\t\t<div class=\"elementor-element elementor-element-5db2096 elementor-widget elementor-widget-heading\" data-id=\"5db2096\" data-element_type=\"widget\" data-e-type=\"widget\" data-widget_type=\"heading.default\">\n\t\t\t\t<div class=\"elementor-widget-container\">\n\t\t\t\t\t<h2 class=\"elementor-heading-title elementor-size-default\">serious fun<\/h2>\t\t\t\t<\/div>\n\t\t\t\t<\/div>\n\t\t\t\t<div class=\"elementor-element elementor-element-c73f056 elementor-widget elementor-widget-heading\" data-id=\"c73f056\" data-element_type=\"widget\" data-e-type=\"widget\" data-widget_type=\"heading.default\">\n\t\t\t\t<div class=\"elementor-widget-container\">\n\t\t\t\t\t<h2 class=\"elementor-heading-title elementor-size-default\">in media<\/h2>\t\t\t\t<\/div>\n\t\t\t\t<\/div>\n\t\t\t\t<div class=\"elementor-element elementor-element-487025a elementor-widget elementor-widget-text-editor\" data-id=\"487025a\" data-element_type=\"widget\" data-e-type=\"widget\" data-widget_type=\"text-editor.default\">\n\t\t\t\t<div class=\"elementor-widget-container\">\n\t\t\t\t\t\t\t\t\t<p data-pm-slice=\"1 1 []\">Whether through TV, online or national media, Serious Fun has gained attention as a leading player in rafting. With more than 30 years of experience on Numedalsl\u00e5gen, we offer experiences that have been featured by NRK, TV 2 and more. Here you will find a selection of videos and articles highlighting the excitement and magic of rafting with us.  <\/p>\t\t\t\t\t\t\t\t<\/div>\n\t\t\t\t<\/div>\n\t\t\t\t<div class=\"elementor-element elementor-element-1616673 elementor-align-left elementor-widget__width-auto elementor-widget elementor-widget-button\" data-id=\"1616673\" data-element_type=\"widget\" data-e-type=\"widget\" data-widget_type=\"button.default\">\n\t\t\t\t<div class=\"elementor-widget-container\">\n\t\t\t\t\t\t\t\t\t<div class=\"elementor-button-wrapper\">\n\t\t\t\t\t<a class=\"elementor-button elementor-button-link elementor-size-sm\" href=\"https:\/\/seriousfun.no\/en\/contact-us\/\">\n\t\t\t\t\t\t<span class=\"elementor-button-content-wrapper\">\n\t\t\t\t\t\t\t\t\t<span class=\"elementor-button-text\">Get in touch with us<\/span>\n\t\t\t\t\t<\/span>\n\t\t\t\t\t<\/a>\n\t\t\t\t<\/div>\n\t\t\t\t\t\t\t\t<\/div>\n\t\t\t\t<\/div>\n\t\t\t\t<\/div>\n\t\t\t\t<\/div>\n\t\t\t\t<\/div>\n\t\t<div class=\"elementor-element elementor-element-8d07ada e-con-full e-flex e-con e-child\" data-id=\"8d07ada\" data-element_type=\"container\" data-e-type=\"container\">\n\t\t<div class=\"elementor-element elementor-element-01793d3 e-con-full e-flex e-con e-child\" data-id=\"01793d3\" data-element_type=\"container\" data-e-type=\"container\" data-settings=\"{&quot;background_background&quot;:&quot;classic&quot;,&quot;shape_divider_bottom&quot;:&quot;pyramids&quot;}\">\n\t\t\t\t<div class=\"elementor-shape elementor-shape-bottom\" aria-hidden=\"true\" data-negative=\"false\">\n\t\t\t<svg xmlns=\"http:\/\/www.w3.org\/2000\/svg\" viewBox=\"0 0 1000 100\" preserveAspectRatio=\"none\">\n\t<path class=\"elementor-shape-fill\" d=\"M761.9,44.1L643.1,27.2L333.8,98L0,3.8V0l1000,0v3.9\"\/>\n<\/svg>\t\t<\/div>\n\t\t\t\t<\/div>\n\t\t\t\t<\/div>\n\t\t\t\t\t<\/div>\n\t\t\t\t<\/div>\n\t\t<div class=\"elementor-element elementor-element-7d966db e-flex e-con-boxed e-con e-parent\" data-id=\"7d966db\" data-element_type=\"container\" data-e-type=\"container\">\n\t\t\t\t\t<div class=\"e-con-inner\">\n\t\t\t\t<div class=\"elementor-element elementor-element-73c8f5e elementor-widget elementor-widget-heading\" data-id=\"73c8f5e\" data-element_type=\"widget\" data-e-type=\"widget\" data-widget_type=\"heading.default\">\n\t\t\t\t<div class=\"elementor-widget-container\">\n\t\t\t\t\t<h2 class=\"elementor-heading-title elementor-size-default\">media coverage of serious fun<\/h2>\t\t\t\t<\/div>\n\t\t\t\t<\/div>\n\t\t<div class=\"elementor-element elementor-element-1c397d2 e-con-full e-flex e-con e-child\" data-id=\"1c397d2\" data-element_type=\"container\" data-e-type=\"container\">\n\t\t\t\t<div class=\"elementor-element elementor-element-0097471 elementor-widget elementor-widget-text-editor\" data-id=\"0097471\" data-element_type=\"widget\" data-e-type=\"widget\" data-widget_type=\"text-editor.default\">\n\t\t\t\t<div class=\"elementor-widget-container\">\n\t\t\t\t\t\t\t\t\t<p>Welcome to Serious Fun&#8217;s media page! Here you can read about how we&#8217;ve been featured in various media, and watch videos and articles highlighting rafting experiences on Numedalsl\u00e5gen &#8211; one of Norway&#8217;s best and most technical rivers for rafting. We are proud to be recognized as a leader in rafting in Norway.  <\/p><div><hr><\/div><h3><strong>As shown on NRK<\/strong><\/h3><ul data-spread=\"false\"><li><p><strong>Video: Rafting on Numedalsl\u00e5gen<\/strong><\/p><ul data-spread=\"false\"><li><p>NRK has made a great video showing some of our family events. Take a look at the video here: <\/p><ul data-spread=\"false\"><li><p><a href=\"https:\/\/www.nrk.no\/video\/rafting-i-numedalslaagen_167722\">Watch the video on NRK.no<\/a><\/p><\/li><\/ul><\/li><li><p><em>&#8220;Numedalsl\u00e5gen is one of Norway&#8217;s most technical rivers for rafting, and Serious Fun has over 30 years of experience here.&#8221;<\/em> &#8211; NRK<\/p><\/li><\/ul><\/li><\/ul><div><hr><\/div><h3><strong>As seen on TV<\/strong><\/h3><ul data-spread=\"true\"><li><p><strong>Hero Harald: Rafting with Markus and Martinus<\/strong><\/p><ul data-spread=\"false\"><li><p>Serious Fun was featured in an episode of &#8220;Helt Harald&#8221;, where Harald R\u00f8nneberg took Markus and Martinus on a slightly different rafting trip on Numedalsl\u00e5gen. Experience the excitement and humor of this unique trip! <\/p><ul data-spread=\"false\"><li><p><a>Watch the episode on TV 2 Play<\/a><\/p><\/li><\/ul><\/li><li><p><em>&#8220;An unforgettable rafting experience with some of Norway&#8217;s biggest stars!&#8221;<\/em><\/p><\/li><\/ul><\/li><li><p><strong>YouTube: Rafting adventures with Gaute Gr\u00f8tta Grav and Norwegian Holiday Pearls<\/strong><\/p><ul data-spread=\"false\"><li><p>We&#8217;ve also been highlighted in several YouTube videos showing the spectacular experiences on Numedalsl\u00e5gen:<\/p><ul data-spread=\"false\"><li><p><a href=\"https:\/\/www.youtube.com\/watch?v=xHNHkzVtgWY\">Watch the video here: Rafting in Numedalsl\u00e5gen &#8211; Gaute Gr\u00f8tta Grav<\/a><\/p><\/li><li><p><a href=\"https:\/\/www.youtube.com\/watch?v=ur1dij2QNNs\">Watch the video here: Action-packed rafting with Norske Ferieperler<\/a><\/p><\/li><\/ul><\/li><\/ul><\/li><\/ul><div><hr><\/div><h3><strong>Why choose Serious Fun?<\/strong><\/h3><p>With over 30 years of experience on Numedalsl\u00e5gen, we are a reliable and experienced rafting operator. Our expertise and local connections mean that we are often contacted about rafting. Read more about what makes us unique <a>here<\/a>.  <\/p><div><hr><\/div><h3><strong>Press material and contact for media<\/strong><\/h3><ul data-spread=\"false\"><li><p>For questions from journalists or requests for media recordings, please contact Marianne Forselv Moen:<\/p><ul data-spread=\"false\"><li><p><strong>E-mail<\/strong>: <a href=\"mailto:marianne@seriousfun.no\">marianne@seriousfun.no<\/a><\/p><\/li><li><p><strong style=\"font-size: 18px; color: var( --e-global-color-primary ); background-color: var( --e-global-color-secondary );\">Phone number<\/strong><span style=\"font-size: 18px; color: var( --e-global-color-primary ); background-color: var( --e-global-color-secondary );\">: <a href=\"tel:+47%20400%2005%20786\">+47 40 00 57 86<\/a><\/span><\/p><\/li><\/ul><\/li><\/ul><p>We look forward to sharing the story of our rafting experiences on Numedalsl\u00e5gen with you!<\/p><div><hr><\/div>\t\t\t\t\t\t\t\t<\/div>\n\t\t\t\t<\/div>\n\t\t\t\t<\/div>\n\t\t\t\t\t<\/div>\n\t\t\t\t<\/div>\n\t\t\t\t<\/div>\n\t\t","protected":false},"excerpt":{"rendered":"<p>media coverage Home page serious fun in media Whether through TV, online or national media, Serious Fun has gained attention as a leading player in rafting. With more than 30 years of experience on Numedalsl\u00e5gen, we offer experiences that have been featured by NRK, TV 2 and more. Here you will find a selection of [&hellip;]<\/p>\n","protected":false},"author":10,"featured_media":5301,"parent":0,"menu_order":0,"comment_status":"closed","ping_status":"closed","template":"","meta":{"site-sidebar-layout":"no-sidebar","site-content-layout":"page-builder","ast-site-content-layout":"full-width-container","site-content-style":"default","site-sidebar-style":"default","ast-global-header-display":"","ast-banner-title-visibility":"","ast-main-header-display":"","ast-hfb-above-header-display":"","ast-hfb-below-header-display":"","ast-hfb-mobile-header-display":"","site-post-title":"disabled","ast-breadcrumbs-content":"","ast-featured-img":"disabled","footer-sml-layout":"","ast-disable-related-posts":"","theme-transparent-header-meta":"default","adv-header-id-meta":"","stick-header-meta":"","header-above-stick-meta":"","header-main-stick-meta":"","header-below-stick-meta":"","astra-migrate-meta-layouts":"default","ast-page-background-enabled":"default","ast-page-background-meta":{"desktop":{"background-color":"","background-image":"","background-repeat":"repeat","background-position":"center center","background-size":"auto","background-attachment":"scroll","background-type":"","background-media":"","overlay-type":"","overlay-color":"","overlay-opacity":"","overlay-gradient":""},"tablet":{"background-color":"","background-image":"","background-repeat":"repeat","background-position":"center center","background-size":"auto","background-attachment":"scroll","background-type":"","background-media":"","overlay-type":"","overlay-color":"","overlay-opacity":"","overlay-gradient":""},"mobile":{"background-color":"","background-image":"","background-repeat":"repeat","background-position":"center center","background-size":"auto","background-attachment":"scroll","background-type":"","background-media":"","overlay-type":"","overlay-color":"","overlay-opacity":"","overlay-gradient":""}},"ast-content-background-meta":{"desktop":{"background-color":"var(--ast-global-color-5)","background-image":"","background-repeat":"repeat","background-position":"center center","background-size":"auto","background-attachment":"scroll","background-type":"","background-media":"","overlay-type":"","overlay-color":"","overlay-opacity":"","overlay-gradient":""},"tablet":{"background-color":"var(--ast-global-color-5)","background-image":"","background-repeat":"repeat","background-position":"center center","background-size":"auto","background-attachment":"scroll","background-type":"","background-media":"","overlay-type":"","overlay-color":"","overlay-opacity":"","overlay-gradient":""},"mobile":{"background-color":"var(--ast-global-color-5)","background-image":"","background-repeat":"repeat","background-position":"center center","background-size":"auto","background-attachment":"scroll","background-type":"","background-media":"","overlay-type":"","overlay-color":"","overlay-opacity":"","overlay-gradient":""}},"footnotes":""},"class_list":["post-5439","page","type-page","status-publish","has-post-thumbnail","hentry"],"yoast_head":"<!-- This site is optimized with the Yoast SEO plugin v27.4 - https:\/\/yoast.com\/product\/yoast-seo-wordpress\/ -->\n<title>Media coverage - Serious Fun Rafting Dagali<\/title>\n<meta name=\"description\" content=\"Media coverage of Serious Fun in Norwegian media such as NRK and TV 2. Discover why we are the leader in rafting on Numedalsl\u00e5gen\" \/>\n<meta name=\"robots\" content=\"index, follow, max-snippet:-1, max-image-preview:large, max-video-preview:-1\" \/>\n<link rel=\"canonical\" href=\"https:\/\/seriousfun.no\/en\/media-coverage\/\" \/>\n<meta property=\"og:locale\" content=\"en_US\" \/>\n<meta property=\"og:type\" content=\"article\" \/>\n<meta property=\"og:title\" content=\"Media coverage - Serious Fun Rafting Dagali\" \/>\n<meta property=\"og:description\" content=\"Media coverage of Serious Fun in Norwegian media such as NRK and TV 2. Discover why we are the leader in rafting on Numedalsl\u00e5gen\" \/>\n<meta property=\"og:url\" content=\"https:\/\/seriousfun.no\/en\/media-coverage\/\" \/>\n<meta property=\"og:site_name\" content=\"Serious Fun Rafting Dagali\" \/>\n<meta property=\"article:publisher\" content=\"https:\/\/www.facebook.com\/SeriousFunRafting\" \/>\n<meta property=\"article:modified_time\" content=\"2025-03-18T20:03:07+00:00\" \/>\n<meta property=\"og:image\" content=\"https:\/\/seriousfun.no\/wp-content\/uploads\/2025\/01\/Marcus-og-Martinus-pa-rafting-i-Dagali-med-Serious-FUN.jpg\" \/>\n\t<meta property=\"og:image:width\" content=\"1200\" \/>\n\t<meta property=\"og:image:height\" content=\"675\" \/>\n\t<meta property=\"og:image:type\" content=\"image\/jpeg\" \/>\n<meta name=\"twitter:card\" content=\"summary_large_image\" \/>\n<meta name=\"twitter:label1\" content=\"Est. reading time\" \/>\n\t<meta name=\"twitter:data1\" content=\"2 minutes\" \/>\n<script type=\"application\/ld+json\" class=\"yoast-schema-graph\">{\"@context\":\"https:\\\/\\\/schema.org\",\"@graph\":[{\"@type\":\"WebPage\",\"@id\":\"https:\\\/\\\/seriousfun.no\\\/en\\\/media-coverage\\\/\",\"url\":\"https:\\\/\\\/seriousfun.no\\\/en\\\/media-coverage\\\/\",\"name\":\"Media coverage - Serious Fun Rafting Dagali\",\"isPartOf\":{\"@id\":\"https:\\\/\\\/seriousfun.no\\\/en\\\/#website\"},\"primaryImageOfPage\":{\"@id\":\"https:\\\/\\\/seriousfun.no\\\/en\\\/media-coverage\\\/#primaryimage\"},\"image\":{\"@id\":\"https:\\\/\\\/seriousfun.no\\\/en\\\/media-coverage\\\/#primaryimage\"},\"thumbnailUrl\":\"https:\\\/\\\/seriousfun.no\\\/wp-content\\\/uploads\\\/2025\\\/01\\\/Marcus-og-Martinus-pa-rafting-i-Dagali-med-Serious-FUN.jpg\",\"datePublished\":\"2025-01-27T09:29:52+00:00\",\"dateModified\":\"2025-03-18T20:03:07+00:00\",\"description\":\"Media coverage of Serious Fun in Norwegian media such as NRK and TV 2. Discover why we are the leader in rafting on Numedalsl\u00e5gen\",\"breadcrumb\":{\"@id\":\"https:\\\/\\\/seriousfun.no\\\/en\\\/media-coverage\\\/#breadcrumb\"},\"inLanguage\":\"en-US\",\"potentialAction\":[{\"@type\":\"ReadAction\",\"target\":[\"https:\\\/\\\/seriousfun.no\\\/en\\\/media-coverage\\\/\"]}]},{\"@type\":\"ImageObject\",\"inLanguage\":\"en-US\",\"@id\":\"https:\\\/\\\/seriousfun.no\\\/en\\\/media-coverage\\\/#primaryimage\",\"url\":\"https:\\\/\\\/seriousfun.no\\\/wp-content\\\/uploads\\\/2025\\\/01\\\/Marcus-og-Martinus-pa-rafting-i-Dagali-med-Serious-FUN.jpg\",\"contentUrl\":\"https:\\\/\\\/seriousfun.no\\\/wp-content\\\/uploads\\\/2025\\\/01\\\/Marcus-og-Martinus-pa-rafting-i-Dagali-med-Serious-FUN.jpg\",\"width\":1200,\"height\":675,\"caption\":\"Medieomtale Marcus og Martinus pa\u030a rafting i Dagali med Serious FUN\"},{\"@type\":\"BreadcrumbList\",\"@id\":\"https:\\\/\\\/seriousfun.no\\\/en\\\/media-coverage\\\/#breadcrumb\",\"itemListElement\":[{\"@type\":\"ListItem\",\"position\":1,\"name\":\"Home\",\"item\":\"https:\\\/\\\/seriousfun.no\\\/en\\\/\"},{\"@type\":\"ListItem\",\"position\":2,\"name\":\"Media coverage\"}]},{\"@type\":\"WebSite\",\"@id\":\"https:\\\/\\\/seriousfun.no\\\/en\\\/#website\",\"url\":\"https:\\\/\\\/seriousfun.no\\\/en\\\/\",\"name\":\"Serious Fun Raftingsenter Dagali\",\"description\":\"Rafting i Dagali n\u00e6r Geilo. Ulike niv\u00e5er med erfarne guider p\u00e5 Norges beste rafting elv. Over 30 \u00e5rs erfaring og lokal ekspertise\",\"publisher\":{\"@id\":\"https:\\\/\\\/seriousfun.no\\\/en\\\/#organization\"},\"potentialAction\":[{\"@type\":\"SearchAction\",\"target\":{\"@type\":\"EntryPoint\",\"urlTemplate\":\"https:\\\/\\\/seriousfun.no\\\/en\\\/?s={search_term_string}\"},\"query-input\":{\"@type\":\"PropertyValueSpecification\",\"valueRequired\":true,\"valueName\":\"search_term_string\"}}],\"inLanguage\":\"en-US\"},{\"@type\":\"Organization\",\"@id\":\"https:\\\/\\\/seriousfun.no\\\/en\\\/#organization\",\"name\":\"Serious Fun Raftingsenter Dagali\",\"url\":\"https:\\\/\\\/seriousfun.no\\\/en\\\/\",\"logo\":{\"@type\":\"ImageObject\",\"inLanguage\":\"en-US\",\"@id\":\"https:\\\/\\\/seriousfun.no\\\/en\\\/#\\\/schema\\\/logo\\\/image\\\/\",\"url\":\"https:\\\/\\\/seriousfun.no\\\/wp-content\\\/uploads\\\/2023\\\/10\\\/weblogo-e1737311130281.webp\",\"contentUrl\":\"https:\\\/\\\/seriousfun.no\\\/wp-content\\\/uploads\\\/2023\\\/10\\\/weblogo-e1737311130281.webp\",\"width\":150,\"height\":100,\"caption\":\"Serious Fun Raftingsenter Dagali\"},\"image\":{\"@id\":\"https:\\\/\\\/seriousfun.no\\\/en\\\/#\\\/schema\\\/logo\\\/image\\\/\"},\"sameAs\":[\"https:\\\/\\\/www.facebook.com\\\/SeriousFunRafting\",\"https:\\\/\\\/www.instagram.com\\\/seriousfunrafting\\\/\"]}]}<\/script>\n<!-- \/ Yoast SEO plugin. -->","yoast_head_json":{"title":"Media coverage - Serious Fun Rafting Dagali","description":"Media coverage of Serious Fun in Norwegian media such as NRK and TV 2. Discover why we are the leader in rafting on Numedalsl\u00e5gen","robots":{"index":"index","follow":"follow","max-snippet":"max-snippet:-1","max-image-preview":"max-image-preview:large","max-video-preview":"max-video-preview:-1"},"canonical":"https:\/\/seriousfun.no\/en\/media-coverage\/","og_locale":"en_US","og_type":"article","og_title":"Media coverage - Serious Fun Rafting Dagali","og_description":"Media coverage of Serious Fun in Norwegian media such as NRK and TV 2. Discover why we are the leader in rafting on Numedalsl\u00e5gen","og_url":"https:\/\/seriousfun.no\/en\/media-coverage\/","og_site_name":"Serious Fun Rafting Dagali","article_publisher":"https:\/\/www.facebook.com\/SeriousFunRafting","article_modified_time":"2025-03-18T20:03:07+00:00","og_image":[{"width":1200,"height":675,"url":"https:\/\/seriousfun.no\/wp-content\/uploads\/2025\/01\/Marcus-og-Martinus-pa-rafting-i-Dagali-med-Serious-FUN.jpg","type":"image\/jpeg"}],"twitter_card":"summary_large_image","twitter_misc":{"Est. reading time":"2 minutes"},"schema":{"@context":"https:\/\/schema.org","@graph":[{"@type":"WebPage","@id":"https:\/\/seriousfun.no\/en\/media-coverage\/","url":"https:\/\/seriousfun.no\/en\/media-coverage\/","name":"Media coverage - Serious Fun Rafting Dagali","isPartOf":{"@id":"https:\/\/seriousfun.no\/en\/#website"},"primaryImageOfPage":{"@id":"https:\/\/seriousfun.no\/en\/media-coverage\/#primaryimage"},"image":{"@id":"https:\/\/seriousfun.no\/en\/media-coverage\/#primaryimage"},"thumbnailUrl":"https:\/\/seriousfun.no\/wp-content\/uploads\/2025\/01\/Marcus-og-Martinus-pa-rafting-i-Dagali-med-Serious-FUN.jpg","datePublished":"2025-01-27T09:29:52+00:00","dateModified":"2025-03-18T20:03:07+00:00","description":"Media coverage of Serious Fun in Norwegian media such as NRK and TV 2. Discover why we are the leader in rafting on Numedalsl\u00e5gen","breadcrumb":{"@id":"https:\/\/seriousfun.no\/en\/media-coverage\/#breadcrumb"},"inLanguage":"en-US","potentialAction":[{"@type":"ReadAction","target":["https:\/\/seriousfun.no\/en\/media-coverage\/"]}]},{"@type":"ImageObject","inLanguage":"en-US","@id":"https:\/\/seriousfun.no\/en\/media-coverage\/#primaryimage","url":"https:\/\/seriousfun.no\/wp-content\/uploads\/2025\/01\/Marcus-og-Martinus-pa-rafting-i-Dagali-med-Serious-FUN.jpg","contentUrl":"https:\/\/seriousfun.no\/wp-content\/uploads\/2025\/01\/Marcus-og-Martinus-pa-rafting-i-Dagali-med-Serious-FUN.jpg","width":1200,"height":675,"caption":"Medieomtale Marcus og Martinus pa\u030a rafting i Dagali med Serious FUN"},{"@type":"BreadcrumbList","@id":"https:\/\/seriousfun.no\/en\/media-coverage\/#breadcrumb","itemListElement":[{"@type":"ListItem","position":1,"name":"Home","item":"https:\/\/seriousfun.no\/en\/"},{"@type":"ListItem","position":2,"name":"Media coverage"}]},{"@type":"WebSite","@id":"https:\/\/seriousfun.no\/en\/#website","url":"https:\/\/seriousfun.no\/en\/","name":"Serious Fun Raftingsenter Dagali","description":"Rafting i Dagali n\u00e6r Geilo. Ulike niv\u00e5er med erfarne guider p\u00e5 Norges beste rafting elv. Over 30 \u00e5rs erfaring og lokal ekspertise","publisher":{"@id":"https:\/\/seriousfun.no\/en\/#organization"},"potentialAction":[{"@type":"SearchAction","target":{"@type":"EntryPoint","urlTemplate":"https:\/\/seriousfun.no\/en\/?s={search_term_string}"},"query-input":{"@type":"PropertyValueSpecification","valueRequired":true,"valueName":"search_term_string"}}],"inLanguage":"en-US"},{"@type":"Organization","@id":"https:\/\/seriousfun.no\/en\/#organization","name":"Serious Fun Raftingsenter Dagali","url":"https:\/\/seriousfun.no\/en\/","logo":{"@type":"ImageObject","inLanguage":"en-US","@id":"https:\/\/seriousfun.no\/en\/#\/schema\/logo\/image\/","url":"https:\/\/seriousfun.no\/wp-content\/uploads\/2023\/10\/weblogo-e1737311130281.webp","contentUrl":"https:\/\/seriousfun.no\/wp-content\/uploads\/2023\/10\/weblogo-e1737311130281.webp","width":150,"height":100,"caption":"Serious Fun Raftingsenter Dagali"},"image":{"@id":"https:\/\/seriousfun.no\/en\/#\/schema\/logo\/image\/"},"sameAs":["https:\/\/www.facebook.com\/SeriousFunRafting","https:\/\/www.instagram.com\/seriousfunrafting\/"]}]}},"_links":{"self":[{"href":"https:\/\/seriousfun.no\/en\/wp-json\/wp\/v2\/pages\/5439","targetHints":{"allow":["GET"]}}],"collection":[{"href":"https:\/\/seriousfun.no\/en\/wp-json\/wp\/v2\/pages"}],"about":[{"href":"https:\/\/seriousfun.no\/en\/wp-json\/wp\/v2\/types\/page"}],"author":[{"embeddable":true,"href":"https:\/\/seriousfun.no\/en\/wp-json\/wp\/v2\/users\/10"}],"replies":[{"embeddable":true,"href":"https:\/\/seriousfun.no\/en\/wp-json\/wp\/v2\/comments?post=5439"}],"version-history":[{"count":1,"href":"https:\/\/seriousfun.no\/en\/wp-json\/wp\/v2\/pages\/5439\/revisions"}],"predecessor-version":[{"id":5440,"href":"https:\/\/seriousfun.no\/en\/wp-json\/wp\/v2\/pages\/5439\/revisions\/5440"}],"wp:featuredmedia":[{"embeddable":true,"href":"https:\/\/seriousfun.no\/en\/wp-json\/wp\/v2\/media\/5301"}],"wp:attachment":[{"href":"https:\/\/seriousfun.no\/en\/wp-json\/wp\/v2\/media?parent=5439"}],"curies":[{"name":"wp","href":"https:\/\/api.w.org\/{rel}","templated":true}]}}