{"id":5424,"date":"2023-10-10T11:27:21","date_gmt":"2023-10-10T09:27:21","guid":{"rendered":"https:\/\/seriousfun.no\/contact-us\/"},"modified":"2025-03-21T13:48:31","modified_gmt":"2025-03-21T12:48:31","slug":"contact-us","status":"publish","type":"page","link":"https:\/\/seriousfun.no\/en\/contact-us\/","title":{"rendered":"Contact us"},"content":{"rendered":"\t\t<div data-elementor-type=\"wp-page\" data-elementor-id=\"5424\" class=\"elementor elementor-5424 elementor-243\" data-elementor-post-type=\"page\">\n\t\t\t\t<div class=\"elementor-element elementor-element-ff0e3c5 e-flex e-con-boxed e-con e-parent\" data-id=\"ff0e3c5\" data-element_type=\"container\" data-e-type=\"container\" data-settings=\"{&quot;background_background&quot;:&quot;classic&quot;,&quot;shape_divider_bottom&quot;:&quot;pyramids&quot;,&quot;shape_divider_bottom_negative&quot;:&quot;yes&quot;}\">\n\t\t\t\t\t<div class=\"e-con-inner\">\n\t\t\t\t<div class=\"elementor-shape elementor-shape-bottom\" aria-hidden=\"true\" data-negative=\"true\">\n\t\t\t<svg xmlns=\"http:\/\/www.w3.org\/2000\/svg\" viewBox=\"0 0 1000 100\" preserveAspectRatio=\"none\">\n\t<path class=\"elementor-shape-fill\" d=\"M761.9,40.6L643.1,24L333.9,93.8L0.1,1H0v99h1000V1\"\/>\n<\/svg>\t\t<\/div>\n\t\t<div class=\"elementor-element elementor-element-56016b8 e-con-full e-flex e-con e-child\" data-id=\"56016b8\" data-element_type=\"container\" data-e-type=\"container\" data-settings=\"{&quot;background_background&quot;:&quot;classic&quot;}\">\n\t\t\t\t<div class=\"elementor-element elementor-element-51c7d3f elementor-widget elementor-widget-heading\" data-id=\"51c7d3f\" data-element_type=\"widget\" data-e-type=\"widget\" data-widget_type=\"heading.default\">\n\t\t\t\t<div class=\"elementor-widget-container\">\n\t\t\t\t\t<h1 class=\"elementor-heading-title elementor-size-default\">Contact us<\/h1>\t\t\t\t<\/div>\n\t\t\t\t<\/div>\n\t\t\t\t<\/div>\n\t\t\t\t\t<\/div>\n\t\t\t\t<\/div>\n\t\t<div class=\"elementor-element elementor-element-7ea0c54 e-grid e-con-boxed e-con e-parent\" data-id=\"7ea0c54\" data-element_type=\"container\" data-e-type=\"container\" data-settings=\"{&quot;background_background&quot;:&quot;classic&quot;}\">\n\t\t\t\t\t<div class=\"e-con-inner\">\n\t\t<div class=\"elementor-element elementor-element-3f4d6ba e-grid e-con-full e-con e-child\" data-id=\"3f4d6ba\" data-element_type=\"container\" data-e-type=\"container\" data-settings=\"{&quot;background_background&quot;:&quot;classic&quot;}\">\n\t\t<div class=\"elementor-element elementor-element-5cfdaea e-con-full e-flex e-con e-child\" data-id=\"5cfdaea\" data-element_type=\"container\" data-e-type=\"container\" data-settings=\"{&quot;background_background&quot;:&quot;classic&quot;,&quot;shape_divider_bottom&quot;:&quot;pyramids&quot;}\">\n\t\t\t\t<div class=\"elementor-shape elementor-shape-bottom\" aria-hidden=\"true\" data-negative=\"false\">\n\t\t\t<svg xmlns=\"http:\/\/www.w3.org\/2000\/svg\" viewBox=\"0 0 1000 100\" preserveAspectRatio=\"none\">\n\t<path class=\"elementor-shape-fill\" d=\"M761.9,44.1L643.1,27.2L333.8,98L0,3.8V0l1000,0v3.9\"\/>\n<\/svg>\t\t<\/div>\n\t\t<div class=\"elementor-element elementor-element-a980065 e-con-full e-flex e-con e-child\" data-id=\"a980065\" data-element_type=\"container\" data-e-type=\"container\">\n\t\t\t\t<div class=\"elementor-element elementor-element-71df51d elementor-widget__width-initial elementor-widget elementor-widget-heading\" data-id=\"71df51d\" data-element_type=\"widget\" data-e-type=\"widget\" data-widget_type=\"heading.default\">\n\t\t\t\t<div class=\"elementor-widget-container\">\n\t\t\t\t\t<h2 class=\"elementor-heading-title elementor-size-default\">Contact us<\/h2>\t\t\t\t<\/div>\n\t\t\t\t<\/div>\n\t\t\t\t<\/div>\n\t\t\t\t<div class=\"elementor-element elementor-element-75e233c elementor-icon-list--layout-traditional elementor-list-item-link-full_width elementor-widget elementor-widget-icon-list\" data-id=\"75e233c\" data-element_type=\"widget\" data-e-type=\"widget\" data-widget_type=\"icon-list.default\">\n\t\t\t\t<div class=\"elementor-widget-container\">\n\t\t\t\t\t\t\t<ul class=\"elementor-icon-list-items\">\n\t\t\t\t\t\t\t<li class=\"elementor-icon-list-item\">\n\t\t\t\t\t\t\t\t\t\t\t<span class=\"elementor-icon-list-icon\">\n\t\t\t\t\t\t\t<i aria-hidden=\"true\" class=\"far fa-dot-circle\"><\/i>\t\t\t\t\t\t<\/span>\n\t\t\t\t\t\t\t\t\t\t<span class=\"elementor-icon-list-text\">Serious Fun<\/span>\n\t\t\t\t\t\t\t\t\t<\/li>\n\t\t\t\t\t\t\t\t<li class=\"elementor-icon-list-item\">\n\t\t\t\t\t\t\t\t\t\t\t<span class=\"elementor-icon-list-icon\">\n\t\t\t\t\t\t\t<i aria-hidden=\"true\" class=\"far fa-dot-circle\"><\/i>\t\t\t\t\t\t<\/span>\n\t\t\t\t\t\t\t\t\t\t<span class=\"elementor-icon-list-text\">Dagalivegen, 3588 Dagali<\/span>\n\t\t\t\t\t\t\t\t\t<\/li>\n\t\t\t\t\t\t\t\t<li class=\"elementor-icon-list-item\">\n\t\t\t\t\t\t\t\t\t\t\t<a href=\"tel:+47%20400%2005%20786\">\n\n\t\t\t\t\t\t\t\t\t\t\t\t<span class=\"elementor-icon-list-icon\">\n\t\t\t\t\t\t\t<i aria-hidden=\"true\" class=\"far fa-dot-circle\"><\/i>\t\t\t\t\t\t<\/span>\n\t\t\t\t\t\t\t\t\t\t<span class=\"elementor-icon-list-text\">+47 400 05 786<\/span>\n\t\t\t\t\t\t\t\t\t\t\t<\/a>\n\t\t\t\t\t\t\t\t\t<\/li>\n\t\t\t\t\t\t\t\t<li class=\"elementor-icon-list-item\">\n\t\t\t\t\t\t\t\t\t\t\t<a href=\"mailto:post@seriousfun.no\">\n\n\t\t\t\t\t\t\t\t\t\t\t\t<span class=\"elementor-icon-list-icon\">\n\t\t\t\t\t\t\t<i aria-hidden=\"true\" class=\"far fa-dot-circle\"><\/i>\t\t\t\t\t\t<\/span>\n\t\t\t\t\t\t\t\t\t\t<span class=\"elementor-icon-list-text\">post@seriousfun.no<\/span>\n\t\t\t\t\t\t\t\t\t\t\t<\/a>\n\t\t\t\t\t\t\t\t\t<\/li>\n\t\t\t\t\t\t<\/ul>\n\t\t\t\t\t\t<\/div>\n\t\t\t\t<\/div>\n\t\t\t\t<div class=\"elementor-element elementor-element-2448c1b elementor-widget elementor-widget-heading\" data-id=\"2448c1b\" data-element_type=\"widget\" data-e-type=\"widget\" data-widget_type=\"heading.default\">\n\t\t\t\t<div class=\"elementor-widget-container\">\n\t\t\t\t\t<h2 class=\"elementor-heading-title elementor-size-default\">Feel free to follow us<\/h2>\t\t\t\t<\/div>\n\t\t\t\t<\/div>\n\t\t\t\t<div class=\"elementor-element elementor-element-395e4e2 elementor-shape-circle e-grid-align-left e-grid-align-mobile-left elementor-grid-0 elementor-widget elementor-widget-social-icons\" data-id=\"395e4e2\" data-element_type=\"widget\" data-e-type=\"widget\" data-widget_type=\"social-icons.default\">\n\t\t\t\t<div class=\"elementor-widget-container\">\n\t\t\t\t\t\t\t<div class=\"elementor-social-icons-wrapper elementor-grid\" role=\"list\">\n\t\t\t\t\t\t\t<span class=\"elementor-grid-item\" role=\"listitem\">\n\t\t\t\t\t<a class=\"elementor-icon elementor-social-icon elementor-social-icon-facebook elementor-animation-shrink elementor-repeater-item-0e87e7b\" href=\"https:\/\/www.facebook.com\/SeriousFunRafting\" target=\"_blank\">\n\t\t\t\t\t\t<span class=\"elementor-screen-only\">Facebook<\/span>\n\t\t\t\t\t\t<i aria-hidden=\"true\" class=\"fab fa-facebook\"><\/i>\t\t\t\t\t<\/a>\n\t\t\t\t<\/span>\n\t\t\t\t\t\t\t<span class=\"elementor-grid-item\" role=\"listitem\">\n\t\t\t\t\t<a class=\"elementor-icon elementor-social-icon elementor-social-icon-instagram elementor-animation-shrink elementor-repeater-item-94d1656\" href=\"https:\/\/www.instagram.com\/seriousfunrafting\/\" target=\"_blank\">\n\t\t\t\t\t\t<span class=\"elementor-screen-only\">Instagram<\/span>\n\t\t\t\t\t\t<i aria-hidden=\"true\" class=\"fab fa-instagram\"><\/i>\t\t\t\t\t<\/a>\n\t\t\t\t<\/span>\n\t\t\t\t\t\t\t<span class=\"elementor-grid-item\" role=\"listitem\">\n\t\t\t\t\t<a class=\"elementor-icon elementor-social-icon elementor-social-icon-youtube elementor-animation-shrink elementor-repeater-item-5b2b79a\" href=\"https:\/\/www.youtube.com\/@RaftingcenterSeriousFUN\" target=\"_blank\">\n\t\t\t\t\t\t<span class=\"elementor-screen-only\">Youtube<\/span>\n\t\t\t\t\t\t<i aria-hidden=\"true\" class=\"fab fa-youtube\"><\/i>\t\t\t\t\t<\/a>\n\t\t\t\t<\/span>\n\t\t\t\t\t<\/div>\n\t\t\t\t\t\t<\/div>\n\t\t\t\t<\/div>\n\t\t\t\t<\/div>\n\t\t<div class=\"elementor-element elementor-element-7f56ad3 e-con-full e-flex e-con e-child\" data-id=\"7f56ad3\" data-element_type=\"container\" data-e-type=\"container\" data-settings=\"{&quot;background_background&quot;:&quot;classic&quot;}\">\n\t\t\t\t<div class=\"elementor-element elementor-element-02ad291 elementor-button-align-stretch elementor-widget elementor-widget-form\" data-id=\"02ad291\" data-element_type=\"widget\" data-e-type=\"widget\" data-settings=\"{&quot;step_next_label&quot;:&quot;Next&quot;,&quot;step_previous_label&quot;:&quot;Previous&quot;,&quot;button_width&quot;:&quot;100&quot;,&quot;step_type&quot;:&quot;number_text&quot;,&quot;step_icon_shape&quot;:&quot;circle&quot;}\" data-widget_type=\"form.default\">\n\t\t\t\t<div class=\"elementor-widget-container\">\n\t\t\t\t\t\t\t<form class=\"elementor-form\" method=\"post\" id=\"Kontakt\" name=\"Contact form\" aria-label=\"Contact form\">\n\t\t\t<input type=\"hidden\" name=\"post_id\" value=\"5424\"\/>\n\t\t\t<input type=\"hidden\" name=\"form_id\" value=\"02ad291\"\/>\n\t\t\t<input type=\"hidden\" name=\"referer_title\" value=\"Contact us - Serious Fun Rafting Dagali\" \/>\n\n\t\t\t\t\t\t\t<input type=\"hidden\" name=\"queried_id\" value=\"5424\"\/>\n\t\t\t\n\t\t\t<div class=\"elementor-form-fields-wrapper elementor-labels-above\">\n\t\t\t\t\t\t\t\t<div class=\"elementor-field-type-text elementor-field-group elementor-column elementor-field-group-name elementor-col-100\">\n\t\t\t\t\t\t\t\t\t\t\t\t<label for=\"form-field-name\" class=\"elementor-field-label\">\n\t\t\t\t\t\t\t\tName\t\t\t\t\t\t\t<\/label>\n\t\t\t\t\t\t\t\t\t\t\t\t\t\t<input size=\"1\" type=\"text\" name=\"form_fields[name]\" id=\"form-field-name\" class=\"elementor-field elementor-size-sm  elementor-field-textual\">\n\t\t\t\t\t\t\t\t\t\t\t<\/div>\n\t\t\t\t\t\t\t\t<div class=\"elementor-field-type-tel elementor-field-group elementor-column elementor-field-group-field_059225c elementor-col-100\">\n\t\t\t\t\t\t\t\t\t\t\t\t<label for=\"form-field-field_059225c\" class=\"elementor-field-label\">\n\t\t\t\t\t\t\t\tPhone number\t\t\t\t\t\t\t<\/label>\n\t\t\t\t\t\t\t\t<input size=\"1\" type=\"tel\" name=\"form_fields[field_059225c]\" id=\"form-field-field_059225c\" class=\"elementor-field elementor-size-sm  elementor-field-textual\" pattern=\"[0-9()#&amp;+*-=.]+\" title=\"Only numbers and phone characters (#, -, *, etc) are accepted.\">\n\n\t\t\t\t\t\t<\/div>\n\t\t\t\t\t\t\t\t<div class=\"elementor-field-type-email elementor-field-group elementor-column elementor-field-group-email elementor-col-100 elementor-field-required\">\n\t\t\t\t\t\t\t\t\t\t\t\t<label for=\"form-field-email\" class=\"elementor-field-label\">\n\t\t\t\t\t\t\t\tE-mail address\t\t\t\t\t\t\t<\/label>\n\t\t\t\t\t\t\t\t\t\t\t\t\t\t<input size=\"1\" type=\"email\" name=\"form_fields[email]\" id=\"form-field-email\" class=\"elementor-field elementor-size-sm  elementor-field-textual\" required=\"required\">\n\t\t\t\t\t\t\t\t\t\t\t<\/div>\n\t\t\t\t\t\t\t\t<div class=\"elementor-field-type-textarea elementor-field-group elementor-column elementor-field-group-message elementor-col-100\">\n\t\t\t\t\t\t\t\t\t\t\t\t<label for=\"form-field-message\" class=\"elementor-field-label\">\n\t\t\t\t\t\t\t\tNotification\t\t\t\t\t\t\t<\/label>\n\t\t\t\t\t\t<textarea class=\"elementor-field-textual elementor-field  elementor-size-sm\" name=\"form_fields[message]\" id=\"form-field-message\" rows=\"4\"><\/textarea>\t\t\t\t<\/div>\n\t\t\t\t\t\t\t\t<div class=\"elementor-field-type-recaptcha_v3 elementor-field-group elementor-column elementor-field-group-field_924b410 elementor-col-100 recaptcha_v3-bottomright\">\n\t\t\t\t\t<div class=\"elementor-field\" id=\"form-field-field_924b410\"><div class=\"elementor-g-recaptcha\" data-sitekey=\"6LfGYDYqAAAAAGxRKT9RO_2lobLt6_KFVVALkKIC\" data-type=\"v3\" data-action=\"Form\" data-badge=\"bottomright\" data-size=\"invisible\"><\/div><\/div>\t\t\t\t<\/div>\n\t\t\t\t\t\t\t\t<div class=\"elementor-field-group elementor-column elementor-field-type-submit elementor-col-100 e-form__buttons\">\n\t\t\t\t\t<button class=\"elementor-button elementor-size-sm\" type=\"submit\">\n\t\t\t\t\t\t<span class=\"elementor-button-content-wrapper\">\n\t\t\t\t\t\t\t\t\t\t\t\t\t\t\t\t\t\t\t\t\t\t<span class=\"elementor-button-text\">Send<\/span>\n\t\t\t\t\t\t\t\t\t\t\t\t\t<\/span>\n\t\t\t\t\t<\/button>\n\t\t\t\t<\/div>\n\t\t\t<\/div>\n\t\t<\/form>\n\t\t\t\t\t\t<\/div>\n\t\t\t\t<\/div>\n\t\t\t\t<div class=\"elementor-element elementor-element-325d14e elementor-widget elementor-widget-text-editor\" data-id=\"325d14e\" data-element_type=\"widget\" data-e-type=\"widget\" data-widget_type=\"text-editor.default\">\n\t\t\t\t<div class=\"elementor-widget-container\">\n\t\t\t\t\t\t\t\t\t<h3><strong>Contact us<\/strong><\/h3><p>We look forward to hearing from you! Do you have questions about our activities, booking or special requests? Contact us today and we&#8217;ll help you plan your next experience.  <a href=\"https:\/\/seriousfun.no\/en\/rafting\/\">Our rafting products can also be booked online.<\/a> <\/p>\t\t\t\t\t\t\t\t<\/div>\n\t\t\t\t<\/div>\n\t\t\t\t<\/div>\n\t\t\t\t<\/div>\n\t\t\t\t\t<\/div>\n\t\t\t\t<\/div>\n\t\t<div class=\"elementor-element elementor-element-a8243ca e-flex e-con-boxed e-con e-parent\" data-id=\"a8243ca\" data-element_type=\"container\" data-e-type=\"container\" data-settings=\"{&quot;background_background&quot;:&quot;classic&quot;}\">\n\t\t\t\t\t<div class=\"e-con-inner\">\n\t\t\t\t<div class=\"elementor-element elementor-element-b12cd4e elementor-widget elementor-widget-google_maps\" data-id=\"b12cd4e\" data-element_type=\"widget\" data-e-type=\"widget\" data-widget_type=\"google_maps.default\">\n\t\t\t\t<div class=\"elementor-widget-container\">\n\t\t\t\t\t\t\t<div class=\"elementor-custom-embed\">\n\t\t\t<iframe loading=\"lazy\"\n\t\t\t\t\tsrc=\"https:\/\/maps.google.com\/maps?q=Seriuos%20Fun%2C%20Dagalivegen%2C%203588%20Dagali&#038;t=m&#038;z=10&#038;output=embed&#038;iwloc=near\"\n\t\t\t\t\ttitle=\"Seriuos Fun, Dagalivegen, 3588 Dagali\"\n\t\t\t\t\taria-label=\"Seriuos Fun, Dagalivegen, 3588 Dagali\"\n\t\t\t><\/iframe>\n\t\t<\/div>\n\t\t\t\t\t\t<\/div>\n\t\t\t\t<\/div>\n\t\t\t\t\t<\/div>\n\t\t\t\t<\/div>\n\t\t\t\t<\/div>\n\t\t","protected":false},"excerpt":{"rendered":"<p>Contact us Serious Fun Dagalivegen, 3588 Dagali +47 400 05 786 post@seriousfun.no Feel free to follow us Facebook Instagram Youtube Contact us We look forward to hearing from you! Do you have questions about our activities, booking or special requests? Contact us today and we&#8217;ll help you plan your next experience. Our rafting products can [&hellip;]<\/p>\n","protected":false},"author":10,"featured_media":5249,"parent":0,"menu_order":0,"comment_status":"closed","ping_status":"closed","template":"","meta":{"site-sidebar-layout":"no-sidebar","site-content-layout":"page-builder","ast-site-content-layout":"full-width-container","site-content-style":"default","site-sidebar-style":"default","ast-global-header-display":"","ast-banner-title-visibility":"","ast-main-header-display":"","ast-hfb-above-header-display":"","ast-hfb-below-header-display":"","ast-hfb-mobile-header-display":"","site-post-title":"disabled","ast-breadcrumbs-content":"","ast-featured-img":"disabled","footer-sml-layout":"","ast-disable-related-posts":"","theme-transparent-header-meta":"default","adv-header-id-meta":"","stick-header-meta":"","header-above-stick-meta":"","header-main-stick-meta":"","header-below-stick-meta":"","astra-migrate-meta-layouts":"default","ast-page-background-enabled":"default","ast-page-background-meta":{"desktop":{"background-color":"","background-image":"","background-repeat":"repeat","background-position":"center center","background-size":"auto","background-attachment":"scroll","background-type":"","background-media":"","overlay-type":"","overlay-color":"","overlay-opacity":"","overlay-gradient":""},"tablet":{"background-color":"","background-image":"","background-repeat":"repeat","background-position":"center center","background-size":"auto","background-attachment":"scroll","background-type":"","background-media":"","overlay-type":"","overlay-color":"","overlay-opacity":"","overlay-gradient":""},"mobile":{"background-color":"","background-image":"","background-repeat":"repeat","background-position":"center center","background-size":"auto","background-attachment":"scroll","background-type":"","background-media":"","overlay-type":"","overlay-color":"","overlay-opacity":"","overlay-gradient":""}},"ast-content-background-meta":{"desktop":{"background-color":"var(--ast-global-color-5)","background-image":"","background-repeat":"repeat","background-position":"center center","background-size":"auto","background-attachment":"scroll","background-type":"","background-media":"","overlay-type":"","overlay-color":"","overlay-opacity":"","overlay-gradient":""},"tablet":{"background-color":"var(--ast-global-color-5)","background-image":"","background-repeat":"repeat","background-position":"center center","background-size":"auto","background-attachment":"scroll","background-type":"","background-media":"","overlay-type":"","overlay-color":"","overlay-opacity":"","overlay-gradient":""},"mobile":{"background-color":"var(--ast-global-color-5)","background-image":"","background-repeat":"repeat","background-position":"center center","background-size":"auto","background-attachment":"scroll","background-type":"","background-media":"","overlay-type":"","overlay-color":"","overlay-opacity":"","overlay-gradient":""}},"footnotes":""},"class_list":["post-5424","page","type-page","status-publish","has-post-thumbnail","hentry"],"yoast_head":"<!-- This site is optimized with the Yoast SEO plugin v27.4 - https:\/\/yoast.com\/product\/yoast-seo-wordpress\/ -->\n<title>Contact us - Serious Fun Rafting Dagali<\/title>\n<meta name=\"description\" content=\"Contact us at Serious Fun for questions about rafting, booking and activities. Fill out the contact form or call us\" \/>\n<meta name=\"robots\" content=\"index, follow, max-snippet:-1, max-image-preview:large, max-video-preview:-1\" \/>\n<link rel=\"canonical\" href=\"https:\/\/seriousfun.no\/en\/contact-us\/\" \/>\n<meta property=\"og:locale\" content=\"en_US\" \/>\n<meta property=\"og:type\" content=\"article\" \/>\n<meta property=\"og:title\" content=\"Contact us - Serious Fun Rafting Dagali\" \/>\n<meta property=\"og:description\" content=\"Contact us at Serious Fun for questions about rafting, booking and activities. Fill out the contact form or call us\" \/>\n<meta property=\"og:url\" content=\"https:\/\/seriousfun.no\/en\/contact-us\/\" \/>\n<meta property=\"og:site_name\" content=\"Serious Fun Rafting Dagali\" \/>\n<meta property=\"article:publisher\" content=\"https:\/\/www.facebook.com\/SeriousFunRafting\" \/>\n<meta property=\"article:modified_time\" content=\"2025-03-21T12:48:31+00:00\" \/>\n<meta property=\"og:image\" content=\"https:\/\/seriousfun.no\/wp-content\/uploads\/2024\/11\/0597-scaled.webp\" \/>\n\t<meta property=\"og:image:width\" content=\"1920\" \/>\n\t<meta property=\"og:image:height\" content=\"1280\" \/>\n\t<meta property=\"og:image:type\" content=\"image\/webp\" \/>\n<meta name=\"twitter:card\" content=\"summary_large_image\" \/>\n<meta name=\"twitter:label1\" content=\"Est. reading time\" \/>\n\t<meta name=\"twitter:data1\" content=\"1 minute\" \/>\n<script type=\"application\/ld+json\" class=\"yoast-schema-graph\">{\"@context\":\"https:\\\/\\\/schema.org\",\"@graph\":[{\"@type\":\"WebPage\",\"@id\":\"https:\\\/\\\/seriousfun.no\\\/en\\\/contact-us\\\/\",\"url\":\"https:\\\/\\\/seriousfun.no\\\/en\\\/contact-us\\\/\",\"name\":\"Contact us - Serious Fun Rafting Dagali\",\"isPartOf\":{\"@id\":\"https:\\\/\\\/seriousfun.no\\\/en\\\/#website\"},\"primaryImageOfPage\":{\"@id\":\"https:\\\/\\\/seriousfun.no\\\/en\\\/contact-us\\\/#primaryimage\"},\"image\":{\"@id\":\"https:\\\/\\\/seriousfun.no\\\/en\\\/contact-us\\\/#primaryimage\"},\"thumbnailUrl\":\"https:\\\/\\\/seriousfun.no\\\/wp-content\\\/uploads\\\/2024\\\/11\\\/0597-scaled.webp\",\"datePublished\":\"2023-10-10T09:27:21+00:00\",\"dateModified\":\"2025-03-21T12:48:31+00:00\",\"description\":\"Contact us at Serious Fun for questions about rafting, booking and activities. Fill out the contact form or call us\",\"breadcrumb\":{\"@id\":\"https:\\\/\\\/seriousfun.no\\\/en\\\/contact-us\\\/#breadcrumb\"},\"inLanguage\":\"en-US\",\"potentialAction\":[{\"@type\":\"ReadAction\",\"target\":[\"https:\\\/\\\/seriousfun.no\\\/en\\\/contact-us\\\/\"]}]},{\"@type\":\"ImageObject\",\"inLanguage\":\"en-US\",\"@id\":\"https:\\\/\\\/seriousfun.no\\\/en\\\/contact-us\\\/#primaryimage\",\"url\":\"https:\\\/\\\/seriousfun.no\\\/wp-content\\\/uploads\\\/2024\\\/11\\\/0597-scaled.webp\",\"contentUrl\":\"https:\\\/\\\/seriousfun.no\\\/wp-content\\\/uploads\\\/2024\\\/11\\\/0597-scaled.webp\",\"width\":1920,\"height\":1280,\"caption\":\"Serious FUN rafting- og guideteam\"},{\"@type\":\"BreadcrumbList\",\"@id\":\"https:\\\/\\\/seriousfun.no\\\/en\\\/contact-us\\\/#breadcrumb\",\"itemListElement\":[{\"@type\":\"ListItem\",\"position\":1,\"name\":\"Home\",\"item\":\"https:\\\/\\\/seriousfun.no\\\/en\\\/\"},{\"@type\":\"ListItem\",\"position\":2,\"name\":\"Contact us\"}]},{\"@type\":\"WebSite\",\"@id\":\"https:\\\/\\\/seriousfun.no\\\/en\\\/#website\",\"url\":\"https:\\\/\\\/seriousfun.no\\\/en\\\/\",\"name\":\"Serious Fun Raftingsenter Dagali\",\"description\":\"Rafting i Dagali n\u00e6r Geilo. Ulike niv\u00e5er med erfarne guider p\u00e5 Norges beste rafting elv. Over 30 \u00e5rs erfaring og lokal ekspertise\",\"publisher\":{\"@id\":\"https:\\\/\\\/seriousfun.no\\\/en\\\/#organization\"},\"potentialAction\":[{\"@type\":\"SearchAction\",\"target\":{\"@type\":\"EntryPoint\",\"urlTemplate\":\"https:\\\/\\\/seriousfun.no\\\/en\\\/?s={search_term_string}\"},\"query-input\":{\"@type\":\"PropertyValueSpecification\",\"valueRequired\":true,\"valueName\":\"search_term_string\"}}],\"inLanguage\":\"en-US\"},{\"@type\":\"Organization\",\"@id\":\"https:\\\/\\\/seriousfun.no\\\/en\\\/#organization\",\"name\":\"Serious Fun Raftingsenter Dagali\",\"url\":\"https:\\\/\\\/seriousfun.no\\\/en\\\/\",\"logo\":{\"@type\":\"ImageObject\",\"inLanguage\":\"en-US\",\"@id\":\"https:\\\/\\\/seriousfun.no\\\/en\\\/#\\\/schema\\\/logo\\\/image\\\/\",\"url\":\"https:\\\/\\\/seriousfun.no\\\/wp-content\\\/uploads\\\/2023\\\/10\\\/weblogo-e1737311130281.webp\",\"contentUrl\":\"https:\\\/\\\/seriousfun.no\\\/wp-content\\\/uploads\\\/2023\\\/10\\\/weblogo-e1737311130281.webp\",\"width\":150,\"height\":100,\"caption\":\"Serious Fun Raftingsenter Dagali\"},\"image\":{\"@id\":\"https:\\\/\\\/seriousfun.no\\\/en\\\/#\\\/schema\\\/logo\\\/image\\\/\"},\"sameAs\":[\"https:\\\/\\\/www.facebook.com\\\/SeriousFunRafting\",\"https:\\\/\\\/www.instagram.com\\\/seriousfunrafting\\\/\"]}]}<\/script>\n<!-- \/ Yoast SEO plugin. -->","yoast_head_json":{"title":"Contact us - Serious Fun Rafting Dagali","description":"Contact us at Serious Fun for questions about rafting, booking and activities. Fill out the contact form or call us","robots":{"index":"index","follow":"follow","max-snippet":"max-snippet:-1","max-image-preview":"max-image-preview:large","max-video-preview":"max-video-preview:-1"},"canonical":"https:\/\/seriousfun.no\/en\/contact-us\/","og_locale":"en_US","og_type":"article","og_title":"Contact us - Serious Fun Rafting Dagali","og_description":"Contact us at Serious Fun for questions about rafting, booking and activities. Fill out the contact form or call us","og_url":"https:\/\/seriousfun.no\/en\/contact-us\/","og_site_name":"Serious Fun Rafting Dagali","article_publisher":"https:\/\/www.facebook.com\/SeriousFunRafting","article_modified_time":"2025-03-21T12:48:31+00:00","og_image":[{"width":1920,"height":1280,"url":"https:\/\/seriousfun.no\/wp-content\/uploads\/2024\/11\/0597-scaled.webp","type":"image\/webp"}],"twitter_card":"summary_large_image","twitter_misc":{"Est. reading time":"1 minute"},"schema":{"@context":"https:\/\/schema.org","@graph":[{"@type":"WebPage","@id":"https:\/\/seriousfun.no\/en\/contact-us\/","url":"https:\/\/seriousfun.no\/en\/contact-us\/","name":"Contact us - Serious Fun Rafting Dagali","isPartOf":{"@id":"https:\/\/seriousfun.no\/en\/#website"},"primaryImageOfPage":{"@id":"https:\/\/seriousfun.no\/en\/contact-us\/#primaryimage"},"image":{"@id":"https:\/\/seriousfun.no\/en\/contact-us\/#primaryimage"},"thumbnailUrl":"https:\/\/seriousfun.no\/wp-content\/uploads\/2024\/11\/0597-scaled.webp","datePublished":"2023-10-10T09:27:21+00:00","dateModified":"2025-03-21T12:48:31+00:00","description":"Contact us at Serious Fun for questions about rafting, booking and activities. Fill out the contact form or call us","breadcrumb":{"@id":"https:\/\/seriousfun.no\/en\/contact-us\/#breadcrumb"},"inLanguage":"en-US","potentialAction":[{"@type":"ReadAction","target":["https:\/\/seriousfun.no\/en\/contact-us\/"]}]},{"@type":"ImageObject","inLanguage":"en-US","@id":"https:\/\/seriousfun.no\/en\/contact-us\/#primaryimage","url":"https:\/\/seriousfun.no\/wp-content\/uploads\/2024\/11\/0597-scaled.webp","contentUrl":"https:\/\/seriousfun.no\/wp-content\/uploads\/2024\/11\/0597-scaled.webp","width":1920,"height":1280,"caption":"Serious FUN rafting- og guideteam"},{"@type":"BreadcrumbList","@id":"https:\/\/seriousfun.no\/en\/contact-us\/#breadcrumb","itemListElement":[{"@type":"ListItem","position":1,"name":"Home","item":"https:\/\/seriousfun.no\/en\/"},{"@type":"ListItem","position":2,"name":"Contact us"}]},{"@type":"WebSite","@id":"https:\/\/seriousfun.no\/en\/#website","url":"https:\/\/seriousfun.no\/en\/","name":"Serious Fun Raftingsenter Dagali","description":"Rafting i Dagali n\u00e6r Geilo. Ulike niv\u00e5er med erfarne guider p\u00e5 Norges beste rafting elv. Over 30 \u00e5rs erfaring og lokal ekspertise","publisher":{"@id":"https:\/\/seriousfun.no\/en\/#organization"},"potentialAction":[{"@type":"SearchAction","target":{"@type":"EntryPoint","urlTemplate":"https:\/\/seriousfun.no\/en\/?s={search_term_string}"},"query-input":{"@type":"PropertyValueSpecification","valueRequired":true,"valueName":"search_term_string"}}],"inLanguage":"en-US"},{"@type":"Organization","@id":"https:\/\/seriousfun.no\/en\/#organization","name":"Serious Fun Raftingsenter Dagali","url":"https:\/\/seriousfun.no\/en\/","logo":{"@type":"ImageObject","inLanguage":"en-US","@id":"https:\/\/seriousfun.no\/en\/#\/schema\/logo\/image\/","url":"https:\/\/seriousfun.no\/wp-content\/uploads\/2023\/10\/weblogo-e1737311130281.webp","contentUrl":"https:\/\/seriousfun.no\/wp-content\/uploads\/2023\/10\/weblogo-e1737311130281.webp","width":150,"height":100,"caption":"Serious Fun Raftingsenter Dagali"},"image":{"@id":"https:\/\/seriousfun.no\/en\/#\/schema\/logo\/image\/"},"sameAs":["https:\/\/www.facebook.com\/SeriousFunRafting","https:\/\/www.instagram.com\/seriousfunrafting\/"]}]}},"_links":{"self":[{"href":"https:\/\/seriousfun.no\/en\/wp-json\/wp\/v2\/pages\/5424","targetHints":{"allow":["GET"]}}],"collection":[{"href":"https:\/\/seriousfun.no\/en\/wp-json\/wp\/v2\/pages"}],"about":[{"href":"https:\/\/seriousfun.no\/en\/wp-json\/wp\/v2\/types\/page"}],"author":[{"embeddable":true,"href":"https:\/\/seriousfun.no\/en\/wp-json\/wp\/v2\/users\/10"}],"replies":[{"embeddable":true,"href":"https:\/\/seriousfun.no\/en\/wp-json\/wp\/v2\/comments?post=5424"}],"version-history":[{"count":5,"href":"https:\/\/seriousfun.no\/en\/wp-json\/wp\/v2\/pages\/5424\/revisions"}],"predecessor-version":[{"id":5714,"href":"https:\/\/seriousfun.no\/en\/wp-json\/wp\/v2\/pages\/5424\/revisions\/5714"}],"wp:featuredmedia":[{"embeddable":true,"href":"https:\/\/seriousfun.no\/en\/wp-json\/wp\/v2\/media\/5249"}],"wp:attachment":[{"href":"https:\/\/seriousfun.no\/en\/wp-json\/wp\/v2\/media?parent=5424"}],"curies":[{"name":"wp","href":"https:\/\/api.w.org\/{rel}","templated":true}]}}