{"id":5371,"date":"2024-07-15T14:08:21","date_gmt":"2024-07-15T12:08:21","guid":{"rendered":"https:\/\/seriousfun.no\/15-ways-to-ruin-a-bachelor-party\/"},"modified":"2025-03-18T13:51:16","modified_gmt":"2025-03-18T12:51:16","slug":"15-ways-to-ruin-a-bachelor-party","status":"publish","type":"page","link":"https:\/\/seriousfun.no\/en\/15-ways-to-ruin-a-bachelor-party\/","title":{"rendered":"15 ways to ruin a bachelor(ette) party"},"content":{"rendered":"\t\t<div data-elementor-type=\"wp-page\" data-elementor-id=\"5371\" class=\"elementor elementor-5371 elementor-1121\" data-elementor-post-type=\"page\">\n\t\t\t\t<div class=\"elementor-element elementor-element-71dba30 e-flex e-con-boxed e-con e-parent\" data-id=\"71dba30\" data-element_type=\"container\" data-e-type=\"container\" data-settings=\"{&quot;background_background&quot;:&quot;classic&quot;,&quot;shape_divider_bottom&quot;:&quot;pyramids&quot;,&quot;shape_divider_bottom_negative&quot;:&quot;yes&quot;}\">\n\t\t\t\t\t<div class=\"e-con-inner\">\n\t\t\t\t<div class=\"elementor-shape elementor-shape-bottom\" aria-hidden=\"true\" data-negative=\"true\">\n\t\t\t<svg xmlns=\"http:\/\/www.w3.org\/2000\/svg\" viewBox=\"0 0 1000 100\" preserveAspectRatio=\"none\">\n\t<path class=\"elementor-shape-fill\" d=\"M761.9,40.6L643.1,24L333.9,93.8L0.1,1H0v99h1000V1\"\/>\n<\/svg>\t\t<\/div>\n\t\t<div class=\"elementor-element elementor-element-44dd03b e-con-full e-flex e-con e-child\" data-id=\"44dd03b\" data-element_type=\"container\" data-e-type=\"container\" data-settings=\"{&quot;background_background&quot;:&quot;classic&quot;}\">\n\t\t\t\t<div class=\"elementor-element elementor-element-62b0dea elementor-widget elementor-widget-heading\" data-id=\"62b0dea\" data-element_type=\"widget\" data-e-type=\"widget\" data-widget_type=\"heading.default\">\n\t\t\t\t<div class=\"elementor-widget-container\">\n\t\t\t\t\t<h1 class=\"elementor-heading-title elementor-size-default\">15 ways to ruin a bachelor(ette) party<\/h1>\t\t\t\t<\/div>\n\t\t\t\t<\/div>\n\t\t\t\t<\/div>\n\t\t\t\t\t<\/div>\n\t\t\t\t<\/div>\n\t\t<div class=\"elementor-element elementor-element-035cbcd e-grid e-con-boxed e-con e-parent\" data-id=\"035cbcd\" data-element_type=\"container\" data-e-type=\"container\" data-settings=\"{&quot;background_background&quot;:&quot;classic&quot;}\">\n\t\t\t\t\t<div class=\"e-con-inner\">\n\t\t<div class=\"elementor-element elementor-element-8fa4646 e-con-full e-flex e-con e-child\" data-id=\"8fa4646\" data-element_type=\"container\" data-e-type=\"container\" data-settings=\"{&quot;background_background&quot;:&quot;classic&quot;}\">\n\t\t\t\t<div class=\"elementor-element elementor-element-22d8d95 elementor-widget elementor-widget-heading\" data-id=\"22d8d95\" data-element_type=\"widget\" data-e-type=\"widget\" data-widget_type=\"heading.default\">\n\t\t\t\t<div class=\"elementor-widget-container\">\n\t\t\t\t\t<h2 class=\"elementor-heading-title elementor-size-default\">15 Ways to Destroy a Bachelor(ette) Party - Avoid the Pitfalls!<\/h2>\t\t\t\t<\/div>\n\t\t\t\t<\/div>\n\t\t\t\t<div class=\"elementor-element elementor-element-8564685 elementor-widget elementor-widget-text-editor\" data-id=\"8564685\" data-element_type=\"widget\" data-e-type=\"widget\" data-widget_type=\"text-editor.default\">\n\t\t\t\t<div class=\"elementor-widget-container\">\n\t\t\t\t\t\t\t\t\t<div class=\"flex-shrink-0 flex flex-col relative items-end\"><div class=\"pt-0\"><p>Planning a Bachelor(ette) party is a fun but challenging task. There are many ways to create an amazing event, but there are also several pitfalls to avoid. We&#8217;ve gathered the most important tips to ensure the bride(groom) has a memorable, but not disastrous, experience!  <\/p><p><strong>1. Choose a date that doesn&#8217;t fit<\/strong><br>Everything is ready and the Bachelor(ette) party is planned to the letter. But then it turns out that the bride (or groom) is away at work, is having a tuxedo fitted for the wedding, or is busy with something else important. <br><strong>Tip:<\/strong> Check the date thoroughly with both the bride(groom) and any other important people before you start planning!<\/p><p><strong>2. Forget an important attendee<\/strong><br>It happens quickly: Everyone is ready for the Bachelor(ette) party, but suddenly the bride(groom) asks for a friend from childhood that everyone has forgotten.<br><strong>Tip:<\/strong> Make a list of the bride(groom)&#8217;s most important friends early on, and get confirmation from him about who he wants to include.<\/p><p><strong>3. Do something that causes the wedding to be canceled<\/strong><br>While it&#8217;s fun to challenge the bride(groom), you should be careful with activities that can have serious consequences.<br><strong>Tip:<\/strong> Avoid situations where the bride(groom) might lose control, especially if it could damage the relationship with the future spouse.<\/p><p><strong>4. Do something that will make the bride(groom)&#8217;s boyfriend<\/strong>(s<strong>) tingle<\/strong><br>Take into account what the bride(groom)&#8217;s boyfriend thinks of the activities. If he\/she isn&#8217;t comfortable with the bride(groom) visiting strip clubs, it&#8217;s a good idea to choose something else. <br><strong>Tip:<\/strong> Keep the lines of communication open and make sure that no activity leads to problems after the bachelor party.<\/p><p><strong>5. Do something the bride(groom) really doesn&#8217;t want to do<\/strong><br>It&#8217;s fun to challenge the bride(groom), but make sure the activities are something he actually wants to do.<br><strong>Tip:<\/strong> If the bride(groom) is afraid of heights, bungee jumping is probably not the best choice. Read between the lines and pay attention to what he wants and doesn&#8217;t want. <\/p><p><strong>6. Raise expectations and don&#8217;t deliver<\/strong><br>Everyone is looking forward to a big surprise, but if you set the bar too high and then deliver something far less impressive, the mood can turn sour.<br><strong>Tip:<\/strong> Be realistic about what can be achieved. If possible, lower your expectations a little &#8211; it&#8217;s much more fun when you actually get it done! <\/p><p><strong>7. Get the bride(groom) drunk early in the day<\/strong><br>Alcohol can be a fun part of the bBachelor(ette) party, but make sure the bride(groom) has the opportunity to participate in all activities.<br><strong>Tip:<\/strong> Don&#8217;t let the bride(groom) get too drunk early in the day. Let him enjoy the experience without the alcohol getting the better of him. <\/p><p><strong>8. Losing the bride(groom)<\/strong><br>It&#8217;s easy to get lost in all the festivities, but the bride(groom) should never be alone, especially in an unfamiliar place.<br><strong>Tip:<\/strong> Always keep track of the groom&#8217;s whereabouts and make sure he&#8217;s included in all planned activities. No one wants a &#8220;where&#8217;s the groom?&#8221; crisis. <\/p><p><strong>9. Do something boring<\/strong><br>The bachelor party should be fun! Don&#8217;t let the day include long waiting times or activities that are not engaging. <br><strong>Tip:<\/strong> Keep your energy up throughout the day and make sure there&#8217;s always something fun going on.<\/p><p><strong>10. Pricing yourself out<\/strong><br>Setting the bar high on activities and experiences can be tempting, but be realistic about your budget.<br><strong>Tip:<\/strong> Set a realistic budget and be open about it with participants. It doesn&#8217;t help to have a great plan if no one can afford to participate! <\/p><p><strong>11. Don&#8217;t organize the payment<\/strong><br>It&#8217;s always a nightmare when you have to spend time and energy collecting money afterwards.<br><strong>Tip:<\/strong> Make a payment plan early and make sure everyone pays in advance. It saves you a lot of hassle! <\/p><p><strong>12. Without food and drink<\/strong>&#8230;<br>Food is important! Even if the activity is exciting, the mood can quickly deteriorate if no one gets anything to eat. <br><strong>Tip:<\/strong> Plan meals in advance. If there is no food available at the activity location, make sure you have a solution. <\/p><p><strong>13. Be late<\/strong><br>Time is of the essence when you have booked activities. Lateness can cause you to miss important parts of the day or not participate at all. <br><strong>Tip:<\/strong> Be on time and make sure everyone stays on schedule. If you see that you&#8217;re running late, let the activity provider know. <\/p><p><strong>14. Really dangerous and silly things<\/strong><br>Safety should always come first! Avoid activities that can be dangerous, such as drunk driving or stunts without adequate skills. <br><strong>Tip:<\/strong> Keep the activities fun but safe, and make sure no one does anything dangerous that could lead to injury.<\/p><p><strong>15. Tattoo as a memory in the evening<\/strong><br>Tattoos as a memory may seem like a fun idea, but it can be a decision that is regretted in the long term.<br><strong>Tip:<\/strong> Avoid tattoos on your bachelorette party! Memories can be created in many other ways.<\/p><hr><p>The bachelor party should be a fun and unforgettable experience. Avoid these pitfalls and you&#8217;re guaranteed to make sure the bride (or groom) has a fantastic day!  <\/p><p>Do you want help organizing an unforgettable bachelor party? <a href=\"https:\/\/seriousfun.no\/grupper\/utdrikningslag\/\">Check out our popular packages here<\/a> and feel free to <a href=\"https:\/\/seriousfun.no\/en\/contact-us\/\">contact us here<\/a><\/p><\/div><\/div>\t\t\t\t\t\t\t\t<\/div>\n\t\t\t\t<\/div>\n\t\t\t\t<div class=\"elementor-element elementor-element-06f0974 elementor-align-right elementor-widget__width-auto elementor-widget elementor-widget-button\" data-id=\"06f0974\" data-element_type=\"widget\" data-e-type=\"widget\" data-widget_type=\"button.default\">\n\t\t\t\t<div class=\"elementor-widget-container\">\n\t\t\t\t\t\t\t\t\t<div class=\"elementor-button-wrapper\">\n\t\t\t\t\t<a class=\"elementor-button elementor-button-link elementor-size-sm\" href=\"https:\/\/seriousfun.no\/en\/groups\/bachelorette-party\/\">\n\t\t\t\t\t\t<span class=\"elementor-button-content-wrapper\">\n\t\t\t\t\t\t\t\t\t<span class=\"elementor-button-text\">check out our popular Bachelor(ette) party packages here<\/span>\n\t\t\t\t\t<\/span>\n\t\t\t\t\t<\/a>\n\t\t\t\t<\/div>\n\t\t\t\t\t\t\t\t<\/div>\n\t\t\t\t<\/div>\n\t\t\t\t<\/div>\n\t\t\t\t\t<\/div>\n\t\t\t\t<\/div>\n\t\t\t\t<\/div>\n\t\t","protected":false},"excerpt":{"rendered":"<p>15 Ways to Destroy a Bachelor(ette) Party &#8211; Avoid the Pitfalls! Planning a Bachelor(ette) party is a fun but challenging task. There are many ways to create an amazing event, but there are also several pitfalls to avoid. We&#8217;ve gathered the most important tips to ensure the bride(groom) has a memorable, but not disastrous, experience! [&hellip;]<\/p>\n","protected":false},"author":10,"featured_media":0,"parent":0,"menu_order":0,"comment_status":"closed","ping_status":"closed","template":"","meta":{"site-sidebar-layout":"no-sidebar","site-content-layout":"page-builder","ast-site-content-layout":"full-width-container","site-content-style":"unboxed","site-sidebar-style":"unboxed","ast-global-header-display":"","ast-banner-title-visibility":"","ast-main-header-display":"","ast-hfb-above-header-display":"","ast-hfb-below-header-display":"","ast-hfb-mobile-header-display":"","site-post-title":"disabled","ast-breadcrumbs-content":"","ast-featured-img":"disabled","footer-sml-layout":"","ast-disable-related-posts":"","theme-transparent-header-meta":"default","adv-header-id-meta":"","stick-header-meta":"","header-above-stick-meta":"","header-main-stick-meta":"","header-below-stick-meta":"","astra-migrate-meta-layouts":"default","ast-page-background-enabled":"default","ast-page-background-meta":{"desktop":{"background-color":"","background-image":"","background-repeat":"repeat","background-position":"center center","background-size":"auto","background-attachment":"scroll","background-type":"","background-media":"","overlay-type":"","overlay-color":"","overlay-opacity":"","overlay-gradient":""},"tablet":{"background-color":"","background-image":"","background-repeat":"repeat","background-position":"center center","background-size":"auto","background-attachment":"scroll","background-type":"","background-media":"","overlay-type":"","overlay-color":"","overlay-opacity":"","overlay-gradient":""},"mobile":{"background-color":"","background-image":"","background-repeat":"repeat","background-position":"center center","background-size":"auto","background-attachment":"scroll","background-type":"","background-media":"","overlay-type":"","overlay-color":"","overlay-opacity":"","overlay-gradient":""}},"ast-content-background-meta":{"desktop":{"background-color":"var(--ast-global-color-5)","background-image":"","background-repeat":"repeat","background-position":"center center","background-size":"auto","background-attachment":"scroll","background-type":"","background-media":"","overlay-type":"","overlay-color":"","overlay-opacity":"","overlay-gradient":""},"tablet":{"background-color":"var(--ast-global-color-5)","background-image":"","background-repeat":"repeat","background-position":"center center","background-size":"auto","background-attachment":"scroll","background-type":"","background-media":"","overlay-type":"","overlay-color":"","overlay-opacity":"","overlay-gradient":""},"mobile":{"background-color":"var(--ast-global-color-5)","background-image":"","background-repeat":"repeat","background-position":"center center","background-size":"auto","background-attachment":"scroll","background-type":"","background-media":"","overlay-type":"","overlay-color":"","overlay-opacity":"","overlay-gradient":""}},"footnotes":""},"class_list":["post-5371","page","type-page","status-publish","hentry"],"yoast_head":"<!-- This site is optimized with the Yoast SEO plugin v27.4 - https:\/\/yoast.com\/product\/yoast-seo-wordpress\/ -->\n<title>15 ways to ruin a bachelor(ette) party - Serious Fun Rafting Dagali<\/title>\n<meta name=\"description\" content=\"Avoid common Bachelor(ette) party mistakes! Read our 15 tips to ensure the bride(groom) has an unforgettable day!\" \/>\n<meta name=\"robots\" content=\"index, follow, max-snippet:-1, max-image-preview:large, max-video-preview:-1\" \/>\n<link rel=\"canonical\" href=\"https:\/\/seriousfun.no\/en\/15-ways-to-ruin-a-bachelor-party\/\" \/>\n<meta property=\"og:locale\" content=\"en_US\" \/>\n<meta property=\"og:type\" content=\"article\" \/>\n<meta property=\"og:title\" content=\"15 ways to ruin a bachelor(ette) party - Serious Fun Rafting Dagali\" \/>\n<meta property=\"og:description\" content=\"Avoid common Bachelor(ette) party mistakes! Read our 15 tips to ensure the bride(groom) has an unforgettable day!\" \/>\n<meta property=\"og:url\" content=\"https:\/\/seriousfun.no\/en\/15-ways-to-ruin-a-bachelor-party\/\" \/>\n<meta property=\"og:site_name\" content=\"Serious Fun Rafting Dagali\" \/>\n<meta property=\"article:publisher\" content=\"https:\/\/www.facebook.com\/SeriousFunRafting\" \/>\n<meta property=\"article:modified_time\" content=\"2025-03-18T12:51:16+00:00\" \/>\n<meta name=\"twitter:card\" content=\"summary_large_image\" \/>\n<meta name=\"twitter:label1\" content=\"Est. reading time\" \/>\n\t<meta name=\"twitter:data1\" content=\"4 minutes\" \/>\n<script type=\"application\/ld+json\" class=\"yoast-schema-graph\">{\"@context\":\"https:\\\/\\\/schema.org\",\"@graph\":[{\"@type\":\"WebPage\",\"@id\":\"https:\\\/\\\/seriousfun.no\\\/en\\\/15-ways-to-ruin-a-bachelor-party\\\/\",\"url\":\"https:\\\/\\\/seriousfun.no\\\/en\\\/15-ways-to-ruin-a-bachelor-party\\\/\",\"name\":\"15 ways to ruin a bachelor(ette) party - Serious Fun Rafting Dagali\",\"isPartOf\":{\"@id\":\"https:\\\/\\\/seriousfun.no\\\/en\\\/#website\"},\"datePublished\":\"2024-07-15T12:08:21+00:00\",\"dateModified\":\"2025-03-18T12:51:16+00:00\",\"description\":\"Avoid common Bachelor(ette) party mistakes! Read our 15 tips to ensure the bride(groom) has an unforgettable day!\",\"breadcrumb\":{\"@id\":\"https:\\\/\\\/seriousfun.no\\\/en\\\/15-ways-to-ruin-a-bachelor-party\\\/#breadcrumb\"},\"inLanguage\":\"en-US\",\"potentialAction\":[{\"@type\":\"ReadAction\",\"target\":[\"https:\\\/\\\/seriousfun.no\\\/en\\\/15-ways-to-ruin-a-bachelor-party\\\/\"]}]},{\"@type\":\"BreadcrumbList\",\"@id\":\"https:\\\/\\\/seriousfun.no\\\/en\\\/15-ways-to-ruin-a-bachelor-party\\\/#breadcrumb\",\"itemListElement\":[{\"@type\":\"ListItem\",\"position\":1,\"name\":\"Home\",\"item\":\"https:\\\/\\\/seriousfun.no\\\/en\\\/\"},{\"@type\":\"ListItem\",\"position\":2,\"name\":\"15 ways to ruin a bachelor(ette) party\"}]},{\"@type\":\"WebSite\",\"@id\":\"https:\\\/\\\/seriousfun.no\\\/en\\\/#website\",\"url\":\"https:\\\/\\\/seriousfun.no\\\/en\\\/\",\"name\":\"Serious Fun Raftingsenter Dagali\",\"description\":\"Rafting i Dagali n\u00e6r Geilo. Ulike niv\u00e5er med erfarne guider p\u00e5 Norges beste rafting elv. Over 30 \u00e5rs erfaring og lokal ekspertise\",\"publisher\":{\"@id\":\"https:\\\/\\\/seriousfun.no\\\/en\\\/#organization\"},\"potentialAction\":[{\"@type\":\"SearchAction\",\"target\":{\"@type\":\"EntryPoint\",\"urlTemplate\":\"https:\\\/\\\/seriousfun.no\\\/en\\\/?s={search_term_string}\"},\"query-input\":{\"@type\":\"PropertyValueSpecification\",\"valueRequired\":true,\"valueName\":\"search_term_string\"}}],\"inLanguage\":\"en-US\"},{\"@type\":\"Organization\",\"@id\":\"https:\\\/\\\/seriousfun.no\\\/en\\\/#organization\",\"name\":\"Serious Fun Raftingsenter Dagali\",\"url\":\"https:\\\/\\\/seriousfun.no\\\/en\\\/\",\"logo\":{\"@type\":\"ImageObject\",\"inLanguage\":\"en-US\",\"@id\":\"https:\\\/\\\/seriousfun.no\\\/en\\\/#\\\/schema\\\/logo\\\/image\\\/\",\"url\":\"https:\\\/\\\/seriousfun.no\\\/wp-content\\\/uploads\\\/2023\\\/10\\\/weblogo-e1737311130281.webp\",\"contentUrl\":\"https:\\\/\\\/seriousfun.no\\\/wp-content\\\/uploads\\\/2023\\\/10\\\/weblogo-e1737311130281.webp\",\"width\":150,\"height\":100,\"caption\":\"Serious Fun Raftingsenter Dagali\"},\"image\":{\"@id\":\"https:\\\/\\\/seriousfun.no\\\/en\\\/#\\\/schema\\\/logo\\\/image\\\/\"},\"sameAs\":[\"https:\\\/\\\/www.facebook.com\\\/SeriousFunRafting\",\"https:\\\/\\\/www.instagram.com\\\/seriousfunrafting\\\/\"]}]}<\/script>\n<!-- \/ Yoast SEO plugin. -->","yoast_head_json":{"title":"15 ways to ruin a bachelor(ette) party - Serious Fun Rafting Dagali","description":"Avoid common Bachelor(ette) party mistakes! Read our 15 tips to ensure the bride(groom) has an unforgettable day!","robots":{"index":"index","follow":"follow","max-snippet":"max-snippet:-1","max-image-preview":"max-image-preview:large","max-video-preview":"max-video-preview:-1"},"canonical":"https:\/\/seriousfun.no\/en\/15-ways-to-ruin-a-bachelor-party\/","og_locale":"en_US","og_type":"article","og_title":"15 ways to ruin a bachelor(ette) party - Serious Fun Rafting Dagali","og_description":"Avoid common Bachelor(ette) party mistakes! Read our 15 tips to ensure the bride(groom) has an unforgettable day!","og_url":"https:\/\/seriousfun.no\/en\/15-ways-to-ruin-a-bachelor-party\/","og_site_name":"Serious Fun Rafting Dagali","article_publisher":"https:\/\/www.facebook.com\/SeriousFunRafting","article_modified_time":"2025-03-18T12:51:16+00:00","twitter_card":"summary_large_image","twitter_misc":{"Est. reading time":"4 minutes"},"schema":{"@context":"https:\/\/schema.org","@graph":[{"@type":"WebPage","@id":"https:\/\/seriousfun.no\/en\/15-ways-to-ruin-a-bachelor-party\/","url":"https:\/\/seriousfun.no\/en\/15-ways-to-ruin-a-bachelor-party\/","name":"15 ways to ruin a bachelor(ette) party - Serious Fun Rafting Dagali","isPartOf":{"@id":"https:\/\/seriousfun.no\/en\/#website"},"datePublished":"2024-07-15T12:08:21+00:00","dateModified":"2025-03-18T12:51:16+00:00","description":"Avoid common Bachelor(ette) party mistakes! Read our 15 tips to ensure the bride(groom) has an unforgettable day!","breadcrumb":{"@id":"https:\/\/seriousfun.no\/en\/15-ways-to-ruin-a-bachelor-party\/#breadcrumb"},"inLanguage":"en-US","potentialAction":[{"@type":"ReadAction","target":["https:\/\/seriousfun.no\/en\/15-ways-to-ruin-a-bachelor-party\/"]}]},{"@type":"BreadcrumbList","@id":"https:\/\/seriousfun.no\/en\/15-ways-to-ruin-a-bachelor-party\/#breadcrumb","itemListElement":[{"@type":"ListItem","position":1,"name":"Home","item":"https:\/\/seriousfun.no\/en\/"},{"@type":"ListItem","position":2,"name":"15 ways to ruin a bachelor(ette) party"}]},{"@type":"WebSite","@id":"https:\/\/seriousfun.no\/en\/#website","url":"https:\/\/seriousfun.no\/en\/","name":"Serious Fun Raftingsenter Dagali","description":"Rafting i Dagali n\u00e6r Geilo. Ulike niv\u00e5er med erfarne guider p\u00e5 Norges beste rafting elv. Over 30 \u00e5rs erfaring og lokal ekspertise","publisher":{"@id":"https:\/\/seriousfun.no\/en\/#organization"},"potentialAction":[{"@type":"SearchAction","target":{"@type":"EntryPoint","urlTemplate":"https:\/\/seriousfun.no\/en\/?s={search_term_string}"},"query-input":{"@type":"PropertyValueSpecification","valueRequired":true,"valueName":"search_term_string"}}],"inLanguage":"en-US"},{"@type":"Organization","@id":"https:\/\/seriousfun.no\/en\/#organization","name":"Serious Fun Raftingsenter Dagali","url":"https:\/\/seriousfun.no\/en\/","logo":{"@type":"ImageObject","inLanguage":"en-US","@id":"https:\/\/seriousfun.no\/en\/#\/schema\/logo\/image\/","url":"https:\/\/seriousfun.no\/wp-content\/uploads\/2023\/10\/weblogo-e1737311130281.webp","contentUrl":"https:\/\/seriousfun.no\/wp-content\/uploads\/2023\/10\/weblogo-e1737311130281.webp","width":150,"height":100,"caption":"Serious Fun Raftingsenter Dagali"},"image":{"@id":"https:\/\/seriousfun.no\/en\/#\/schema\/logo\/image\/"},"sameAs":["https:\/\/www.facebook.com\/SeriousFunRafting","https:\/\/www.instagram.com\/seriousfunrafting\/"]}]}},"_links":{"self":[{"href":"https:\/\/seriousfun.no\/en\/wp-json\/wp\/v2\/pages\/5371","targetHints":{"allow":["GET"]}}],"collection":[{"href":"https:\/\/seriousfun.no\/en\/wp-json\/wp\/v2\/pages"}],"about":[{"href":"https:\/\/seriousfun.no\/en\/wp-json\/wp\/v2\/types\/page"}],"author":[{"embeddable":true,"href":"https:\/\/seriousfun.no\/en\/wp-json\/wp\/v2\/users\/10"}],"replies":[{"embeddable":true,"href":"https:\/\/seriousfun.no\/en\/wp-json\/wp\/v2\/comments?post=5371"}],"version-history":[{"count":3,"href":"https:\/\/seriousfun.no\/en\/wp-json\/wp\/v2\/pages\/5371\/revisions"}],"predecessor-version":[{"id":5427,"href":"https:\/\/seriousfun.no\/en\/wp-json\/wp\/v2\/pages\/5371\/revisions\/5427"}],"wp:attachment":[{"href":"https:\/\/seriousfun.no\/en\/wp-json\/wp\/v2\/media?parent=5371"}],"curies":[{"name":"wp","href":"https:\/\/api.w.org\/{rel}","templated":true}]}}